{"id":14508,"date":"2026-03-18T05:41:08","date_gmt":"2026-03-18T05:41:08","guid":{"rendered":"https:\/\/myownbrandman.shop\/?post_type=product&#038;p=14508"},"modified":"2026-03-18T05:52:02","modified_gmt":"2026-03-18T05:52:02","slug":"black-link-toalla-de-secado-toalla-negra-twisted-loop-toalla-de36x24in-secado-para-automoviles-ultraabsorbente-elaboradacon-tejido-de-microfibra-twisted-loop-lazo-retorcidomicrofibra-premium-de-140","status":"publish","type":"product","link":"https:\/\/myownbrandman.shop\/es\/producto\/black-link-toalla-de-secado-toalla-negra-twisted-loop-toalla-de36x24in-secado-para-automoviles-ultraabsorbente-elaboradacon-tejido-de-microfibra-twisted-loop-lazo-retorcidomicrofibra-premium-de-140\/","title":{"rendered":"BLACK LINK Toalla de secado TOALLA NEGRA TWISTED-LOOP Toalla de36x24in secado para autom\u00f3viles ultraabsorbente elaboradacon tejido de microfibra TWISTED-LOOP (lazo retorcido),microfibra premium de 1400 GSM."},"content":{"rendered":"<div data-elementor-type=\"product-post\" data-elementor-id=\"14508\" class=\"elementor elementor-14508\" data-elementor-post-type=\"product\">\n\t\t\t\t<div class=\"elementor-element elementor-element-6de7f103 e-flex e-con-boxed e-con e-parent\" data-id=\"6de7f103\" data-element_type=\"container\" data-settings=\"{&quot;ekit_has_onepagescroll_dot&quot;:&quot;yes&quot;}\">\n\t\t\t\t\t<div class=\"e-con-inner\">\n\t\t<div class=\"elementor-element elementor-element-4ebbd796 e-con-full e-flex e-con e-child\" data-id=\"4ebbd796\" data-element_type=\"container\" data-settings=\"{&quot;ekit_has_onepagescroll_dot&quot;:&quot;yes&quot;}\">\n\t\t<div class=\"elementor-element elementor-element-200d8c68 e-grid e-con-full e-con e-child\" data-id=\"200d8c68\" data-element_type=\"container\" data-settings=\"{&quot;ekit_has_onepagescroll_dot&quot;:&quot;yes&quot;}\">\n\t\t\t\t<div class=\"elementor-element elementor-element-6becd2ab elementor-widget elementor-widget-video\" data-id=\"6becd2ab\" data-element_type=\"widget\" data-settings=\"{&quot;video_type&quot;:&quot;hosted&quot;,&quot;controls&quot;:&quot;yes&quot;,&quot;ekit_we_effect_on&quot;:&quot;none&quot;}\" data-widget_type=\"video.default\">\n\t\t\t\t<div class=\"elementor-widget-container\">\n\t\t\t\t\t\t\t<div class=\"e-hosted-video elementor-wrapper elementor-open-inline\">\n\t\t\t\t\t<video class=\"elementor-video\" src=\"https:\/\/myownbrandman.shop\/wp-content\/uploads\/2026\/03\/video_2026-02-09_09-16-13.mp4\" controls=\"\" preload=\"metadata\" controlslist=\"nodownload\"><\/video>\n\t\t\t\t<\/div>\n\t\t\t\t\t\t<\/div>\n\t\t\t\t<\/div>\n\t\t\t\t<div class=\"elementor-element elementor-element-47480eed elementor-widget elementor-widget-text-editor\" data-id=\"47480eed\" data-element_type=\"widget\" data-settings=\"{&quot;ekit_we_effect_on&quot;:&quot;none&quot;}\" data-widget_type=\"text-editor.default\">\n\t\t\t\t<div class=\"elementor-widget-container\">\n\t\t\t\t\t\t\t\t\t<!DOCTYPE html>\n<html lang=\"en\">\n<head>\n    <meta charset=\"UTF-8\">\n    <meta name=\"viewport\" content=\"width=device-width, initial-scale=1.0\">\n    <title>Product Attributes<\/title>\n    <style>\n        \/* Reset default margins and padding *\/\n        * {\n            margin: 0;\n            padding: 0;\n            box-sizing: border-box;\n        }\n        \n        \/* Container for attribute list - removed background color *\/\n        .attribute-container {\n            width: 100%;\n            max-width: 600px;\n            margin: 20px;\n            font-family: Arial, sans-serif;\n            font-size: 16px;\n            line-height: 1.8;\n            padding: 20px;\n            border-radius: 8px;\n            \/* Removed: background-color: #f8f9fa; *\/\n            \/* Removed: box-shadow: 0 2px 4px rgba(0,0,0,0.05); *\/\n        }\n        \n        \/* Style for each attribute row *\/\n        .attribute-row {\n            display: flex;\n            width: 100%;\n            text-align: left;\n            padding: 8px 10px;\n            border-bottom: 1px solid #e5e7eb; \/* Slightly darker underline for better visibility *\/\n            margin-bottom: 4px;\n            transition: all 0.2s ease;\n            border-radius: 4px;\n        }\n        \n        \/* Hover effect for rows *\/\n        .attribute-row:hover {\n            background-color: #f9fafb; \/* Light hover background for better interaction *\/\n        }\n        \n        \/* Attribute name (left column) - highlighted with text color only *\/\n        .attribute-name {\n            flex: 1;\n            font-weight: 700; \/* Bold for emphasis *\/\n            color: #1d4ed8; \/* Vibrant blue for text contrast *\/\n            padding: 4px 8px;\n            margin-right: 10px;\n        }\n        \n        \/* Attribute value (right column) - neutral *\/\n        .attribute-value {\n            flex: 1;\n            color: #4a5568; \/* Medium gray for values *\/\n            padding: 4px 8px;\n        }\n    <\/style>\n<\/head>\n<body>\n    <div class=\"attribute-container\">\n        <div class=\"attribute-row\">\n            <span class=\"attribute-name\">Sustancias qu\u00edmicas muy preocupantes<\/span>\n            <span class=\"attribute-value\">Ninguno<\/span>\n        <\/div>\n        <div class=\"attribute-row\">\n            <span class=\"attribute-name\">Tipo de juego<\/span>\n            <span class=\"attribute-value\">S\u00ed<\/span>\n        <\/div>\n        <div class=\"attribute-row\">\n            <span class=\"attribute-name\">Absorci\u00f3n<\/span>\n            <span class=\"attribute-value\">5s-10s(5 S - 34 S)<\/span>\n        <\/div>\n        <div class=\"attribute-row\">\n            <span class=\"attribute-name\">T\u00e9cnicas<\/span>\n            <span class=\"attribute-value\">Algod\u00f3n peinado<\/span>\n        <\/div>\n        <div class=\"attribute-row\">\n            <span class=\"attribute-name\">Material<\/span>\n            <span class=\"attribute-value\">Tejido de rizo<\/span>\n        <\/div>\n        <div class=\"attribute-row\">\n            <span class=\"attribute-name\">Tipo<\/span>\n            <span class=\"attribute-value\">Juego de toallas<\/span>\n        <\/div>\n    <\/div>\n<\/body>\n<\/html>\t\t\t\t\t\t\t\t<\/div>\n\t\t\t\t<\/div>\n\t\t\t\t<\/div>\n\t\t\t\t<\/div>\n\t\t\t\t<div class=\"elementor-element elementor-element-32bf62c9 elementor-widget elementor-widget-text-editor\" data-id=\"32bf62c9\" data-element_type=\"widget\" data-settings=\"{&quot;ekit_we_effect_on&quot;:&quot;none&quot;}\" data-widget_type=\"text-editor.default\">\n\t\t\t\t<div class=\"elementor-widget-container\">\n\t\t\t\t\t\t\t\t\t<h1>Vea por qu\u00e9 m\u00e1s de 250.000 detallistas y entusiastas del autom\u00f3vil conf\u00edan en \u00e9l para un secado sin concesiones.<\/h1>\t\t\t\t\t\t\t\t<\/div>\n\t\t\t\t<\/div>\n\t\t\t\t<div class=\"elementor-element elementor-element-47d0eb64 elementor--h-position-center elementor--v-position-middle elementor-arrows-position-inside elementor-pagination-position-inside elementor-widget elementor-widget-slides\" data-id=\"47d0eb64\" data-element_type=\"widget\" data-settings=\"{&quot;navigation&quot;:&quot;both&quot;,&quot;autoplay&quot;:&quot;yes&quot;,&quot;pause_on_hover&quot;:&quot;yes&quot;,&quot;pause_on_interaction&quot;:&quot;yes&quot;,&quot;autoplay_speed&quot;:5000,&quot;infinite&quot;:&quot;yes&quot;,&quot;transition&quot;:&quot;slide&quot;,&quot;transition_speed&quot;:500,&quot;ekit_we_effect_on&quot;:&quot;none&quot;}\" data-widget_type=\"slides.default\">\n\t\t\t\t<div class=\"elementor-widget-container\">\n\t\t\t\t\t\t\t\t\t<div class=\"elementor-swiper\">\r\n\t\t\t\t\t<div class=\"elementor-slides-wrapper elementor-main-swiper swiper\" role=\"region\" aria-roledescription=\"carousel\" aria-label=\"Diapositivas\" dir=\"ltr\" data-animation=\"fadeInUp\">\r\n\t\t\t\t<div class=\"swiper-wrapper elementor-slides\">\r\n\t\t\t\t\t\t\t\t\t\t<div class=\"elementor-repeater-item-0dd23c7 swiper-slide\" role=\"group\" aria-roledescription=\"slide\"><div class=\"swiper-slide-bg\" role=\"img\" aria-label=\"\u5e7b\u706f1.jpg\"><\/div><div class=\"swiper-slide-inner\" ><div class=\"swiper-slide-contents\"><\/div><\/div><\/div><div class=\"elementor-repeater-item-f5a55ca swiper-slide\" role=\"group\" aria-roledescription=\"slide\"><div class=\"swiper-slide-bg\" role=\"img\" aria-label=\"\u5e7b\u706f2.jpg\"><\/div><div class=\"swiper-slide-inner\" ><div class=\"swiper-slide-contents\"><\/div><\/div><\/div><div class=\"elementor-repeater-item-f840efd swiper-slide\" role=\"group\" aria-roledescription=\"slide\"><div class=\"swiper-slide-bg\" role=\"img\" aria-label=\"\u5e7b\u706f3.jpg\"><\/div><div class=\"swiper-slide-inner\" ><div class=\"swiper-slide-contents\"><\/div><\/div><\/div><div class=\"elementor-repeater-item-2abe15b swiper-slide\" role=\"group\" aria-roledescription=\"slide\"><div class=\"swiper-slide-bg\" role=\"img\" aria-label=\"\u5e7b\u706f4.jpg\"><\/div><div class=\"swiper-slide-inner\" ><div class=\"swiper-slide-contents\"><\/div><\/div><\/div><div class=\"elementor-repeater-item-defb2c1 swiper-slide\" role=\"group\" aria-roledescription=\"slide\"><div class=\"swiper-slide-bg\" role=\"img\" aria-label=\"\u5e7b\u706f5.jpg\"><\/div><div class=\"swiper-slide-inner\" ><div class=\"swiper-slide-contents\"><\/div><\/div><\/div>\t\t\t\t<\/div>\r\n\t\t\t\t\t\t\t\t\t\t\t\t\t\t\t<div class=\"elementor-swiper-button elementor-swiper-button-prev\" role=\"button\" tabindex=\"0\" aria-label=\"Diapositiva anterior\">\r\n\t\t\t\t\t\t\t<svg aria-hidden=\"true\" class=\"e-font-icon-svg e-eicon-chevron-left\" viewbox=\"0 0 1000 1000\" xmlns=\"http:\/\/www.w3.org\/2000\/svg\"><path d=\"M646 125C629 125 613 133 604 142L308 442C296 454 292 471 292 487 292 504 296 521 308 533L604 854C617 867 629 875 646 875 663 875 679 871 692 858 704 846 713 829 713 812 713 796 708 779 692 767L438 487 692 225C700 217 708 204 708 187 708 171 704 154 692 142 675 129 663 125 646 125Z\"><\/path><\/svg>\t\t\t\t\t\t<\/div>\r\n\t\t\t\t\t\t<div class=\"elementor-swiper-button elementor-swiper-button-next\" role=\"button\" tabindex=\"0\" aria-label=\"Siguiente diapositiva\">\r\n\t\t\t\t\t\t\t<svg aria-hidden=\"true\" class=\"e-font-icon-svg e-eicon-chevron-right\" viewbox=\"0 0 1000 1000\" xmlns=\"http:\/\/www.w3.org\/2000\/svg\"><path d=\"M696 533C708 521 713 504 713 487 713 471 708 454 696 446L400 146C388 133 375 125 354 125 338 125 325 129 313 142 300 154 292 171 292 187 292 204 296 221 308 233L563 492 304 771C292 783 288 800 288 817 288 833 296 850 308 863 321 871 338 875 354 875 371 875 388 867 400 854L696 533Z\"><\/path><\/svg>\t\t\t\t\t\t<\/div>\r\n\t\t\t\t\t\t\t\t\t\t\t\t\t\t\t\t<div class=\"swiper-pagination\"><\/div>\r\n\t\t\t\t\t\t\t\t\t\t\t\t<\/div>\r\n\t\t\t\t<\/div>\r\n\t\t\t\t\t\t\t\t<\/div>\n\t\t\t\t<\/div>\n\t\t\t\t<div class=\"elementor-element elementor-element-4aaef213 elementor-widget elementor-widget-text-editor\" data-id=\"4aaef213\" data-element_type=\"widget\" data-settings=\"{&quot;ekit_we_effect_on&quot;:&quot;none&quot;}\" data-widget_type=\"text-editor.default\">\n\t\t\t\t<div class=\"elementor-widget-container\">\n\t\t\t\t\t\t\t\t\t<h1 class=\"a-text-center aplus-container-3 aplus-h1 a-text-bold\">SECAR DE FORMA M\u00c1S INTELIGENTE, NO M\u00c1S DURA.<\/h1>\t\t\t\t\t\t\t\t<\/div>\n\t\t\t\t<\/div>\n\t\t\t\t<div class=\"elementor-element elementor-element-26dc9319 elementor-widget elementor-widget-image\" data-id=\"26dc9319\" data-element_type=\"widget\" data-settings=\"{&quot;ekit_we_effect_on&quot;:&quot;none&quot;}\" data-widget_type=\"image.default\">\n\t\t\t\t<div class=\"elementor-widget-container\">\n\t\t\t\t\t\t\t\t\t\t\t\t\t\t\t<img loading=\"lazy\" decoding=\"async\" width=\"1024\" height=\"420\" src=\"https:\/\/myownbrandman.shop\/wp-content\/uploads\/2026\/03\/46321363-5d6e-4ed4-b989-2b277ffb910a.__CR001464600_PT0_SX1464_V1___-1024x420.jpg\" class=\"attachment-large size-large wp-image-14529 wvs-archive-product-image\" alt=\"\" srcset=\"https:\/\/myownbrandman.shop\/wp-content\/uploads\/2026\/03\/46321363-5d6e-4ed4-b989-2b277ffb910a.__CR001464600_PT0_SX1464_V1___-1024x420.jpg 1024w, https:\/\/myownbrandman.shop\/wp-content\/uploads\/2026\/03\/46321363-5d6e-4ed4-b989-2b277ffb910a.__CR001464600_PT0_SX1464_V1___-300x123.jpg 300w, https:\/\/myownbrandman.shop\/wp-content\/uploads\/2026\/03\/46321363-5d6e-4ed4-b989-2b277ffb910a.__CR001464600_PT0_SX1464_V1___-768x315.jpg 768w, https:\/\/myownbrandman.shop\/wp-content\/uploads\/2026\/03\/46321363-5d6e-4ed4-b989-2b277ffb910a.__CR001464600_PT0_SX1464_V1___-18x7.jpg 18w, https:\/\/myownbrandman.shop\/wp-content\/uploads\/2026\/03\/46321363-5d6e-4ed4-b989-2b277ffb910a.__CR001464600_PT0_SX1464_V1___-600x246.jpg 600w, https:\/\/myownbrandman.shop\/wp-content\/uploads\/2026\/03\/46321363-5d6e-4ed4-b989-2b277ffb910a.__CR001464600_PT0_SX1464_V1___-1x1.jpg 1w, https:\/\/myownbrandman.shop\/wp-content\/uploads\/2026\/03\/46321363-5d6e-4ed4-b989-2b277ffb910a.__CR001464600_PT0_SX1464_V1___-10x4.jpg 10w, https:\/\/myownbrandman.shop\/wp-content\/uploads\/2026\/03\/46321363-5d6e-4ed4-b989-2b277ffb910a.__CR001464600_PT0_SX1464_V1___.jpg 1464w\" sizes=\"auto, (max-width: 1024px) 100vw, 1024px\" \/>\t\t\t\t\t\t\t\t\t\t\t\t\t\t\t<\/div>\n\t\t\t\t<\/div>\n\t\t\t\t<div class=\"elementor-element elementor-element-442beec4 elementor-widget elementor-widget-text-editor\" data-id=\"442beec4\" data-element_type=\"widget\" data-settings=\"{&quot;ekit_we_effect_on&quot;:&quot;none&quot;}\" data-widget_type=\"text-editor.default\">\n\t\t\t\t<div class=\"elementor-widget-container\">\n\t\t\t\t\t\t\t\t\t<h1>Fabricada con microfibra ultrasuave de 1300 GSM, la toalla de secado Blackline garantiza una absorci\u00f3n inigualable de hasta 1 gal\u00f3n de agua. Esta toalla de calidad profesional ofrece un acabado digno de una sala de exposici\u00f3n y sin rayas con facilidad.<\/h1>\t\t\t\t\t\t\t\t<\/div>\n\t\t\t\t<\/div>\n\t\t\t\t\t<\/div>\n\t\t\t\t<\/div>\n\t\t\t\t<\/div>","protected":false},"excerpt":{"rendered":"<p>https:\/\/myownbrandman.shop\/wp-content\/uploads\/2026\/03\/video_2026-02-09_09-16-13.mp4 Product Attributes High-concerned chemical None Set Type Yes Absorption 5s-10s(5 S &#8211; 34 S) Technics Combed Cotton Material Terry&#8230;<\/p>","protected":false},"featured_media":14512,"comment_status":"open","ping_status":"closed","template":"","meta":{"_acf_changed":false},"etheme_brands":[],"product_brand":[],"product_cat":[118],"product_tag":[],"class_list":{"0":"post-14508","1":"product","2":"type-product","3":"status-publish","4":"has-post-thumbnail","6":"product_cat-sale-shop","8":"first","9":"instock","10":"sale","11":"shipping-taxable","12":"purchasable","13":"product-type-variable","14":"has-default-attributes","15":"wvs-archive-product-wrapper"},"acf":[],"_links":{"self":[{"href":"https:\/\/myownbrandman.shop\/es\/wp-json\/wp\/v2\/product\/14508","targetHints":{"allow":["GET"]}}],"collection":[{"href":"https:\/\/myownbrandman.shop\/es\/wp-json\/wp\/v2\/product"}],"about":[{"href":"https:\/\/myownbrandman.shop\/es\/wp-json\/wp\/v2\/types\/product"}],"replies":[{"embeddable":true,"href":"https:\/\/myownbrandman.shop\/es\/wp-json\/wp\/v2\/comments?post=14508"}],"version-history":[{"count":4,"href":"https:\/\/myownbrandman.shop\/es\/wp-json\/wp\/v2\/product\/14508\/revisions"}],"predecessor-version":[{"id":14536,"href":"https:\/\/myownbrandman.shop\/es\/wp-json\/wp\/v2\/product\/14508\/revisions\/14536"}],"wp:featuredmedia":[{"embeddable":true,"href":"https:\/\/myownbrandman.shop\/es\/wp-json\/wp\/v2\/media\/14512"}],"wp:attachment":[{"href":"https:\/\/myownbrandman.shop\/es\/wp-json\/wp\/v2\/media?parent=14508"}],"wp:term":[{"taxonomy":"brand","embeddable":true,"href":"https:\/\/myownbrandman.shop\/es\/wp-json\/wp\/v2\/etheme_brands?post=14508"},{"taxonomy":"product_brand","embeddable":true,"href":"https:\/\/myownbrandman.shop\/es\/wp-json\/wp\/v2\/product_brand?post=14508"},{"taxonomy":"product_cat","embeddable":true,"href":"https:\/\/myownbrandman.shop\/es\/wp-json\/wp\/v2\/product_cat?post=14508"},{"taxonomy":"product_tag","embeddable":true,"href":"https:\/\/myownbrandman.shop\/es\/wp-json\/wp\/v2\/product_tag?post=14508"}],"curies":[{"name":"wp","href":"https:\/\/api.w.org\/{rel}","templated":true}]}}