{"id":14439,"date":"2026-03-08T02:55:47","date_gmt":"2026-03-08T02:55:47","guid":{"rendered":"https:\/\/myownbrandman.shop\/?post_type=product&#038;p=14439"},"modified":"2026-03-08T03:02:09","modified_gmt":"2026-03-08T03:02:09","slug":"ninja-11-in-1-possiblecooker-pro-plus-with-smart-cook-system-8-5-qt-mc2052co","status":"publish","type":"product","link":"https:\/\/myownbrandman.shop\/es\/producto\/ninja-11-in-1-possiblecooker-pro-plus-with-smart-cook-system-8-5-qt-mc2052co\/","title":{"rendered":"Ninja 11-en-1 PossibleCooker PRO Plus con Smart Cook System, 8.5-qt. - MC2052CO"},"content":{"rendered":"<div data-elementor-type=\"product-post\" data-elementor-id=\"14439\" class=\"elementor elementor-14439\" data-elementor-post-type=\"product\">\n\t\t\t\t<div class=\"elementor-element elementor-element-6ac30dcb e-flex e-con-boxed e-con e-parent\" data-id=\"6ac30dcb\" data-element_type=\"container\" data-settings=\"{&quot;ekit_has_onepagescroll_dot&quot;:&quot;yes&quot;}\">\n\t\t\t\t\t<div class=\"e-con-inner\">\n\t\t\t\t<div class=\"elementor-element elementor-element-44fd77c0 elementor-widget elementor-widget-image\" data-id=\"44fd77c0\" data-element_type=\"widget\" data-settings=\"{&quot;ekit_we_effect_on&quot;:&quot;none&quot;}\" data-widget_type=\"image.default\">\n\t\t\t\t<div class=\"elementor-widget-container\">\n\t\t\t\t\t\t\t\t\t\t\t\t\t\t\t<img loading=\"lazy\" decoding=\"async\" width=\"1600\" height=\"1600\" src=\"https:\/\/myownbrandman.shop\/wp-content\/uploads\/2026\/03\/3-11.jpg\" class=\"attachment-full size-full wp-image-14448 wvs-archive-product-image\" alt=\"\" srcset=\"https:\/\/myownbrandman.shop\/wp-content\/uploads\/2026\/03\/3-11.jpg 1600w, https:\/\/myownbrandman.shop\/wp-content\/uploads\/2026\/03\/3-11-300x300.jpg 300w, https:\/\/myownbrandman.shop\/wp-content\/uploads\/2026\/03\/3-11-1024x1024.jpg 1024w, https:\/\/myownbrandman.shop\/wp-content\/uploads\/2026\/03\/3-11-150x150.jpg 150w, https:\/\/myownbrandman.shop\/wp-content\/uploads\/2026\/03\/3-11-768x768.jpg 768w, https:\/\/myownbrandman.shop\/wp-content\/uploads\/2026\/03\/3-11-1536x1536.jpg 1536w, https:\/\/myownbrandman.shop\/wp-content\/uploads\/2026\/03\/3-11-12x12.jpg 12w, https:\/\/myownbrandman.shop\/wp-content\/uploads\/2026\/03\/3-11-600x600.jpg 600w, https:\/\/myownbrandman.shop\/wp-content\/uploads\/2026\/03\/3-11-100x100.jpg 100w, https:\/\/myownbrandman.shop\/wp-content\/uploads\/2026\/03\/3-11-50x50.jpg 50w, https:\/\/myownbrandman.shop\/wp-content\/uploads\/2026\/03\/3-11-1x1.jpg 1w, https:\/\/myownbrandman.shop\/wp-content\/uploads\/2026\/03\/3-11-10x10.jpg 10w\" sizes=\"auto, (max-width: 1600px) 100vw, 1600px\" \/>\t\t\t\t\t\t\t\t\t\t\t\t\t\t\t<\/div>\n\t\t\t\t<\/div>\n\t\t\t\t<div class=\"elementor-element elementor-element-1f854b7f elementor-widget elementor-widget-image\" data-id=\"1f854b7f\" data-element_type=\"widget\" data-settings=\"{&quot;ekit_we_effect_on&quot;:&quot;none&quot;}\" data-widget_type=\"image.default\">\n\t\t\t\t<div class=\"elementor-widget-container\">\n\t\t\t\t\t\t\t\t\t\t\t\t\t\t\t<img loading=\"lazy\" decoding=\"async\" width=\"1600\" height=\"1600\" src=\"https:\/\/myownbrandman.shop\/wp-content\/uploads\/2026\/03\/1-15.jpg\" class=\"attachment-full size-full wp-image-14449 wvs-archive-product-image\" alt=\"\" srcset=\"https:\/\/myownbrandman.shop\/wp-content\/uploads\/2026\/03\/1-15.jpg 1600w, https:\/\/myownbrandman.shop\/wp-content\/uploads\/2026\/03\/1-15-300x300.jpg 300w, https:\/\/myownbrandman.shop\/wp-content\/uploads\/2026\/03\/1-15-1024x1024.jpg 1024w, https:\/\/myownbrandman.shop\/wp-content\/uploads\/2026\/03\/1-15-150x150.jpg 150w, https:\/\/myownbrandman.shop\/wp-content\/uploads\/2026\/03\/1-15-768x768.jpg 768w, https:\/\/myownbrandman.shop\/wp-content\/uploads\/2026\/03\/1-15-1536x1536.jpg 1536w, https:\/\/myownbrandman.shop\/wp-content\/uploads\/2026\/03\/1-15-12x12.jpg 12w, https:\/\/myownbrandman.shop\/wp-content\/uploads\/2026\/03\/1-15-600x600.jpg 600w, https:\/\/myownbrandman.shop\/wp-content\/uploads\/2026\/03\/1-15-100x100.jpg 100w, https:\/\/myownbrandman.shop\/wp-content\/uploads\/2026\/03\/1-15-50x50.jpg 50w, https:\/\/myownbrandman.shop\/wp-content\/uploads\/2026\/03\/1-15-1x1.jpg 1w, https:\/\/myownbrandman.shop\/wp-content\/uploads\/2026\/03\/1-15-10x10.jpg 10w\" sizes=\"auto, (max-width: 1600px) 100vw, 1600px\" \/>\t\t\t\t\t\t\t\t\t\t\t\t\t\t\t<\/div>\n\t\t\t\t<\/div>\n\t\t\t\t<div class=\"elementor-element elementor-element-5b72e1dc elementor-widget elementor-widget-image\" data-id=\"5b72e1dc\" data-element_type=\"widget\" data-settings=\"{&quot;ekit_we_effect_on&quot;:&quot;none&quot;}\" data-widget_type=\"image.default\">\n\t\t\t\t<div class=\"elementor-widget-container\">\n\t\t\t\t\t\t\t\t\t\t\t\t\t\t\t<img loading=\"lazy\" decoding=\"async\" width=\"1600\" height=\"1600\" src=\"https:\/\/myownbrandman.shop\/wp-content\/uploads\/2026\/03\/2-11.jpg\" class=\"attachment-full size-full wp-image-14450 wvs-archive-product-image\" alt=\"\" srcset=\"https:\/\/myownbrandman.shop\/wp-content\/uploads\/2026\/03\/2-11.jpg 1600w, https:\/\/myownbrandman.shop\/wp-content\/uploads\/2026\/03\/2-11-300x300.jpg 300w, https:\/\/myownbrandman.shop\/wp-content\/uploads\/2026\/03\/2-11-1024x1024.jpg 1024w, https:\/\/myownbrandman.shop\/wp-content\/uploads\/2026\/03\/2-11-150x150.jpg 150w, https:\/\/myownbrandman.shop\/wp-content\/uploads\/2026\/03\/2-11-768x768.jpg 768w, https:\/\/myownbrandman.shop\/wp-content\/uploads\/2026\/03\/2-11-1536x1536.jpg 1536w, https:\/\/myownbrandman.shop\/wp-content\/uploads\/2026\/03\/2-11-12x12.jpg 12w, https:\/\/myownbrandman.shop\/wp-content\/uploads\/2026\/03\/2-11-600x600.jpg 600w, https:\/\/myownbrandman.shop\/wp-content\/uploads\/2026\/03\/2-11-100x100.jpg 100w, https:\/\/myownbrandman.shop\/wp-content\/uploads\/2026\/03\/2-11-50x50.jpg 50w, https:\/\/myownbrandman.shop\/wp-content\/uploads\/2026\/03\/2-11-1x1.jpg 1w, https:\/\/myownbrandman.shop\/wp-content\/uploads\/2026\/03\/2-11-10x10.jpg 10w\" sizes=\"auto, (max-width: 1600px) 100vw, 1600px\" \/>\t\t\t\t\t\t\t\t\t\t\t\t\t\t\t<\/div>\n\t\t\t\t<\/div>\n\t\t\t\t<div class=\"elementor-element elementor-element-1b03822 elementor-widget elementor-widget-image\" data-id=\"1b03822\" data-element_type=\"widget\" data-settings=\"{&quot;ekit_we_effect_on&quot;:&quot;none&quot;}\" data-widget_type=\"image.default\">\n\t\t\t\t<div class=\"elementor-widget-container\">\n\t\t\t\t\t\t\t\t\t\t\t\t\t\t\t<img loading=\"lazy\" decoding=\"async\" width=\"1600\" height=\"1600\" src=\"https:\/\/myownbrandman.shop\/wp-content\/uploads\/2026\/03\/5-10.jpg\" class=\"attachment-full size-full wp-image-14451 wvs-archive-product-image\" alt=\"\" srcset=\"https:\/\/myownbrandman.shop\/wp-content\/uploads\/2026\/03\/5-10.jpg 1600w, https:\/\/myownbrandman.shop\/wp-content\/uploads\/2026\/03\/5-10-300x300.jpg 300w, https:\/\/myownbrandman.shop\/wp-content\/uploads\/2026\/03\/5-10-1024x1024.jpg 1024w, https:\/\/myownbrandman.shop\/wp-content\/uploads\/2026\/03\/5-10-150x150.jpg 150w, https:\/\/myownbrandman.shop\/wp-content\/uploads\/2026\/03\/5-10-768x768.jpg 768w, https:\/\/myownbrandman.shop\/wp-content\/uploads\/2026\/03\/5-10-1536x1536.jpg 1536w, https:\/\/myownbrandman.shop\/wp-content\/uploads\/2026\/03\/5-10-12x12.jpg 12w, https:\/\/myownbrandman.shop\/wp-content\/uploads\/2026\/03\/5-10-600x600.jpg 600w, https:\/\/myownbrandman.shop\/wp-content\/uploads\/2026\/03\/5-10-100x100.jpg 100w, https:\/\/myownbrandman.shop\/wp-content\/uploads\/2026\/03\/5-10-50x50.jpg 50w, https:\/\/myownbrandman.shop\/wp-content\/uploads\/2026\/03\/5-10-1x1.jpg 1w, https:\/\/myownbrandman.shop\/wp-content\/uploads\/2026\/03\/5-10-10x10.jpg 10w\" sizes=\"auto, (max-width: 1600px) 100vw, 1600px\" \/>\t\t\t\t\t\t\t\t\t\t\t\t\t\t\t<\/div>\n\t\t\t\t<\/div>\n\t\t\t\t<div class=\"elementor-element elementor-element-5dccf0e9 elementor-widget elementor-widget-image\" data-id=\"5dccf0e9\" data-element_type=\"widget\" data-settings=\"{&quot;ekit_we_effect_on&quot;:&quot;none&quot;}\" data-widget_type=\"image.default\">\n\t\t\t\t<div class=\"elementor-widget-container\">\n\t\t\t\t\t\t\t\t\t\t\t\t\t\t\t<img loading=\"lazy\" decoding=\"async\" width=\"1600\" height=\"1600\" src=\"https:\/\/myownbrandman.shop\/wp-content\/uploads\/2026\/03\/6-8-1.jpg\" class=\"attachment-full size-full wp-image-14452 wvs-archive-product-image\" alt=\"\" srcset=\"https:\/\/myownbrandman.shop\/wp-content\/uploads\/2026\/03\/6-8-1.jpg 1600w, https:\/\/myownbrandman.shop\/wp-content\/uploads\/2026\/03\/6-8-1-300x300.jpg 300w, https:\/\/myownbrandman.shop\/wp-content\/uploads\/2026\/03\/6-8-1-1024x1024.jpg 1024w, https:\/\/myownbrandman.shop\/wp-content\/uploads\/2026\/03\/6-8-1-150x150.jpg 150w, https:\/\/myownbrandman.shop\/wp-content\/uploads\/2026\/03\/6-8-1-768x768.jpg 768w, https:\/\/myownbrandman.shop\/wp-content\/uploads\/2026\/03\/6-8-1-1536x1536.jpg 1536w, https:\/\/myownbrandman.shop\/wp-content\/uploads\/2026\/03\/6-8-1-12x12.jpg 12w, https:\/\/myownbrandman.shop\/wp-content\/uploads\/2026\/03\/6-8-1-600x600.jpg 600w, https:\/\/myownbrandman.shop\/wp-content\/uploads\/2026\/03\/6-8-1-100x100.jpg 100w, https:\/\/myownbrandman.shop\/wp-content\/uploads\/2026\/03\/6-8-1-50x50.jpg 50w, https:\/\/myownbrandman.shop\/wp-content\/uploads\/2026\/03\/6-8-1-1x1.jpg 1w, https:\/\/myownbrandman.shop\/wp-content\/uploads\/2026\/03\/6-8-1-10x10.jpg 10w\" sizes=\"auto, (max-width: 1600px) 100vw, 1600px\" \/>\t\t\t\t\t\t\t\t\t\t\t\t\t\t\t<\/div>\n\t\t\t\t<\/div>\n\t\t\t\t<div class=\"elementor-element elementor-element-4c5f95a elementor-widget elementor-widget-text-editor\" data-id=\"4c5f95a\" data-element_type=\"widget\" data-settings=\"{&quot;ekit_we_effect_on&quot;:&quot;none&quot;}\" data-widget_type=\"text-editor.default\">\n\t\t\t\t<div class=\"elementor-widget-container\">\n\t\t\t\t\t\t\t\t\t<table class=\"specs-table\">\n    <tr>\n        <td>Detalles<\/td>\n        <td><\/td>\n    <\/tr>\n    <tr>\n        <td>Funci\u00f3n<\/td>\n        <td>\n            <div class=\"functions-container\">\n                <span class=\"function-tag\">Estofado de sopa<\/span>\n                <span class=\"function-tag\">Estofado<\/span>\n                <span class=\"function-tag\">Fre\u00edr<\/span>\n            <\/div>\n        <\/td>\n    <\/tr>\n    <tr>\n        <td>Certificaci\u00f3n<\/td>\n        <td><span class=\"cert-badge\">certificado<\/span><\/td>\n    <\/tr>\n    <tr>\n        <td>Material del fondo de la olla<\/td>\n        <td><span class=\"bottom-badge\">Antiadherente<\/span><\/td>\n    <\/tr>\n    <tr>\n        <td>Material<\/td>\n        <td><span class=\"material-badge\">Metal<\/span><\/td>\n    <\/tr>\n<\/table>\n\n<style>\n    .specs-table {\n        width: 100%;\n        border-collapse: collapse;\n        font-family: 'Segoe UI', Arial, sans-serif;\n        font-size: 14px;\n    }\n    .specs-table tr {\n        border-bottom: 1px solid #e0e0e0;\n    }\n    .specs-table td {\n        padding: 12px 0;\n        text-align: left;\n        vertical-align: top;\n    }\n    .specs-table td:first-child {\n        font-weight: 600;\n        width: 35%;\n        color: #2c3e50;\n    }\n    .specs-table td:last-child {\n        width: 65%;\n    }\n    .functions-container {\n        display: flex;\n        flex-wrap: wrap;\n        gap: 8px;\n    }\n    .function-tag {\n        background-color: #e3f2fd;\n        color: #1565c0;\n        padding: 6px 12px;\n        border-radius: 4px;\n        font-size: 13px;\n        display: inline-block;\n        border: 1px solid #bbdefb;\n    }\n    .cert-badge {\n        background-color: #fff8e1;\n        color: #ff8f00;\n        padding: 8px 16px;\n        border-radius: 4px;\n        font-weight: 600;\n        display: inline-block;\n        border: 1px solid #ffecb3;\n    }\n    .bottom-badge {\n        background-color: #e8f5e9;\n        color: #2e7d32;\n        padding: 8px 16px;\n        border-radius: 4px;\n        font-weight: 600;\n        display: inline-block;\n        border: 1px solid #c8e6c9;\n    }\n    .material-badge {\n        background-color: #f5f5f5;\n        color: #424242;\n        padding: 8px 16px;\n        border-radius: 4px;\n        font-weight: 600;\n        display: inline-block;\n        border: 1px solid #e0e0e0;\n    }\n<\/style>\t\t\t\t\t\t\t\t<\/div>\n\t\t\t\t<\/div>\n\t\t\t\t\t<\/div>\n\t\t\t\t<\/div>\n\t\t\t\t<\/div>","protected":false},"excerpt":{"rendered":"<p>Detalles Funci\u00f3n Estofado de sopa Estofado Fre\u00edr Certificaci\u00f3n certificado Material del fondo de la olla Antiadherente Material Metal<\/p>","protected":false},"featured_media":14440,"comment_status":"open","ping_status":"closed","template":"","meta":{"_acf_changed":false},"etheme_brands":[],"product_brand":[],"product_cat":[118],"product_tag":[],"class_list":{"0":"post-14439","1":"product","2":"type-product","3":"status-publish","4":"has-post-thumbnail","6":"product_cat-sale-shop","8":"first","9":"instock","10":"sale","11":"shipping-taxable","12":"purchasable","13":"product-type-simple"},"acf":[],"_links":{"self":[{"href":"https:\/\/myownbrandman.shop\/es\/wp-json\/wp\/v2\/product\/14439","targetHints":{"allow":["GET"]}}],"collection":[{"href":"https:\/\/myownbrandman.shop\/es\/wp-json\/wp\/v2\/product"}],"about":[{"href":"https:\/\/myownbrandman.shop\/es\/wp-json\/wp\/v2\/types\/product"}],"replies":[{"embeddable":true,"href":"https:\/\/myownbrandman.shop\/es\/wp-json\/wp\/v2\/comments?post=14439"}],"version-history":[{"count":4,"href":"https:\/\/myownbrandman.shop\/es\/wp-json\/wp\/v2\/product\/14439\/revisions"}],"predecessor-version":[{"id":14460,"href":"https:\/\/myownbrandman.shop\/es\/wp-json\/wp\/v2\/product\/14439\/revisions\/14460"}],"wp:featuredmedia":[{"embeddable":true,"href":"https:\/\/myownbrandman.shop\/es\/wp-json\/wp\/v2\/media\/14440"}],"wp:attachment":[{"href":"https:\/\/myownbrandman.shop\/es\/wp-json\/wp\/v2\/media?parent=14439"}],"wp:term":[{"taxonomy":"brand","embeddable":true,"href":"https:\/\/myownbrandman.shop\/es\/wp-json\/wp\/v2\/etheme_brands?post=14439"},{"taxonomy":"product_brand","embeddable":true,"href":"https:\/\/myownbrandman.shop\/es\/wp-json\/wp\/v2\/product_brand?post=14439"},{"taxonomy":"product_cat","embeddable":true,"href":"https:\/\/myownbrandman.shop\/es\/wp-json\/wp\/v2\/product_cat?post=14439"},{"taxonomy":"product_tag","embeddable":true,"href":"https:\/\/myownbrandman.shop\/es\/wp-json\/wp\/v2\/product_tag?post=14439"}],"curies":[{"name":"wp","href":"https:\/\/api.w.org\/{rel}","templated":true}]}}