{"id":14078,"date":"2026-01-28T12:39:11","date_gmt":"2026-01-28T12:39:11","guid":{"rendered":"https:\/\/myownbrandman.shop\/?post_type=product&#038;p=14078"},"modified":"2026-01-28T12:50:14","modified_gmt":"2026-01-28T12:50:14","slug":"lubluelu-cordless-self-standing-vacuum-cleaner-25kpa-leistungsstarke-saugkraft-220w-stick-hoover-fur-tierhaare-hartboden-und-teppiche-600ml-mulleimer","status":"publish","type":"product","link":"https:\/\/myownbrandman.shop\/es\/producto\/lubluelu-cordless-self-standing-vacuum-cleaner-25kpa-leistungsstarke-saugkraft-220w-stick-hoover-fur-tierhaare-hartboden-und-teppiche-600ml-mulleimer\/","title":{"rendered":"Lubluelu-Aspirador aut\u00f3nomo sin cable, 25KPa leistungsstarke Saugkraft, 220W Stick Hoover f\u00fcr Tierhaare, Hartb\u00f6den und Teppiche, 600ml M\u00fclleimer"},"content":{"rendered":"<div data-elementor-type=\"product-post\" data-elementor-id=\"14078\" class=\"elementor elementor-14078\" data-elementor-post-type=\"product\">\n\t\t\t\t<div class=\"elementor-element elementor-element-3557aef4 e-flex e-con-boxed e-con e-parent\" data-id=\"3557aef4\" data-element_type=\"container\" data-settings=\"{&quot;ekit_has_onepagescroll_dot&quot;:&quot;yes&quot;}\">\n\t\t\t\t\t<div class=\"e-con-inner\">\n\t\t<div class=\"elementor-element elementor-element-9d1cd2d e-con-full e-flex e-con e-child\" data-id=\"9d1cd2d\" data-element_type=\"container\" data-settings=\"{&quot;ekit_has_onepagescroll_dot&quot;:&quot;yes&quot;}\">\n\t\t\t\t<div class=\"elementor-element elementor-element-5d327cb0 elementor-widget elementor-widget-video\" data-id=\"5d327cb0\" data-element_type=\"widget\" data-settings=\"{&quot;video_type&quot;:&quot;hosted&quot;,&quot;controls&quot;:&quot;yes&quot;,&quot;ekit_we_effect_on&quot;:&quot;none&quot;}\" data-widget_type=\"video.default\">\n\t\t\t\t<div class=\"elementor-widget-container\">\n\t\t\t\t\t\t\t<div class=\"e-hosted-video elementor-wrapper elementor-open-inline\">\n\t\t\t\t\t<video class=\"elementor-video\" src=\"https:\/\/myownbrandman.shop\/wp-content\/uploads\/2026\/01\/video_2026-01-27_22-46-39.mp4\" controls=\"\" preload=\"metadata\" controlslist=\"nodownload\"><\/video>\n\t\t\t\t<\/div>\n\t\t\t\t\t\t<\/div>\n\t\t\t\t<\/div>\n\t\t\t\t<div class=\"elementor-element elementor-element-2fea9b57 elementor-widget elementor-widget-text-editor\" data-id=\"2fea9b57\" data-element_type=\"widget\" data-settings=\"{&quot;ekit_we_effect_on&quot;:&quot;none&quot;}\" data-widget_type=\"text-editor.default\">\n\t\t\t\t<div class=\"elementor-widget-container\">\n\t\t\t\t\t\t\t\t\t<table>\n  <tr>\n    <td colspan=\"2\" style=\"font-weight: bold; border-bottom: 1px solid #ddd; padding: 8px 12px;\">Informaci\u00f3n sobre el producto<\/td>\n  <\/tr>\n  <tr>\n    <td style=\"width: 40%; border-bottom: 1px solid #ddd; padding: 8px 12px;\"><strong>\u00bfEs inal\u00e1mbrico?<\/strong><\/td>\n    <td style=\"border-bottom: 1px solid #ddd; padding: 8px 12px;\">S\u00ed<\/td>\n  <\/tr>\n  <tr>\n    <td style=\"border-bottom: 1px solid #ddd; padding: 8px 12px;\"><strong>Capacidad<\/strong><\/td>\n    <td style=\"border-bottom: 1px solid #ddd; padding: 8px 12px;\">600 mililitros<\/td>\n  <\/tr>\n  <tr>\n    <td style=\"border-bottom: 1px solid #ddd; padding: 8px 12px;\"><strong>Vatios<\/strong><\/td>\n    <td style=\"border-bottom: 1px solid #ddd; padding: 8px 12px;\">220 vatios<\/td>\n  <\/tr>\n  <tr>\n    <td style=\"border-bottom: 1px solid #ddd; padding: 8px 12px;\"><strong>Usos recomendados del producto<\/strong><\/td>\n    <td style=\"border-bottom: 1px solid #ddd; padding: 8px 12px;\">Cama, pelo de mascota<\/td>\n  <\/tr>\n  <tr>\n    <td style=\"border-bottom: 1px solid #ddd; padding: 8px 12px;\"><strong>Factor de forma<\/strong><\/td>\n    <td style=\"border-bottom: 1px solid #ddd; padding: 8px 12px;\">Bast\u00f3n, port\u00e1til, vertical<\/td>\n  <\/tr>\n  <tr>\n    <td style=\"border-bottom: 1px solid #ddd; padding: 8px 12px;\"><strong>Color<\/strong><\/td>\n    <td style=\"border-bottom: 1px solid #ddd; padding: 8px 12px;\">Morado<\/td>\n  <\/tr>\n  <tr>\n    <td style=\"border-bottom: 1px solid #ddd; padding: 8px 12px;\"><strong>Nombre del modelo<\/strong><\/td>\n    <td style=\"border-bottom: 1px solid #ddd; padding: 8px 12px;\">GX-202Z-R01-IT<\/td>\n  <\/tr>\n  <tr>\n    <td style=\"border-bottom: 1px solid #ddd; padding: 8px 12px;\"><strong>Dimensiones del producto<\/strong><\/td>\n    <td style=\"border-bottom: 1px solid #ddd; padding: 8px 12px;\">5\u2033L x 5\u2033A x 6\u2033Al<\/td>\n  <\/tr>\n  <tr>\n    <td style=\"border-bottom: 1px solid #ddd; padding: 8px 12px;\"><strong>Descripci\u00f3n de la bater\u00eda<\/strong><\/td>\n    <td style=\"border-bottom: 1px solid #ddd; padding: 8px 12px;\">Iones de litio<\/td>\n  <\/tr>\n  <tr>\n    <td style=\"border-bottom: 1px solid #ddd; padding: 8px 12px;\"><strong>Nivel de ruido<\/strong><\/td>\n    <td style=\"border-bottom: 1px solid #ddd; padding: 8px 12px;\">69 decibelios<\/td>\n  <\/tr>\n<\/table>\t\t\t\t\t\t\t\t<\/div>\n\t\t\t\t<\/div>\n\t\t\t\t<\/div>\n\t\t<div class=\"elementor-element elementor-element-63682fc e-con-full e-flex e-con e-child\" data-id=\"63682fc\" data-element_type=\"container\" data-settings=\"{&quot;ekit_has_onepagescroll_dot&quot;:&quot;yes&quot;}\">\n\t\t\t\t<div class=\"elementor-element elementor-element-1225308c elementor-widget elementor-widget-text-editor\" data-id=\"1225308c\" data-element_type=\"widget\" data-settings=\"{&quot;ekit_we_effect_on&quot;:&quot;none&quot;}\" data-widget_type=\"text-editor.default\">\n\t\t\t\t<div class=\"elementor-widget-container\">\n\t\t\t\t\t\t\t\t\t<!DOCTYPE html>\n<html lang=\"en\">\n<head>\n    <meta charset=\"UTF-8\">\n    <title>Product Specifications &#8211; Part 2<\/title>\n    <style>\n        table {\n            width: 100%;\n            border-collapse: collapse;\n        }\n        tr {\n            border-bottom: 1px solid #ddd;\n        }\n        td {\n            padding: 10px 15px;\n            text-align: left;\n            vertical-align: top;\n        }\n        td:first-child {\n            width: 45%;\n            font-weight: bold;\n        }\n    <\/style>\n<\/head>\n<body>\n    <table>\n        <tr>\n            <td>Duraci\u00f3n de la bater\u00eda<\/td>\n            <td>50 minutos<\/td>\n        <\/tr>\n        <tr>\n            <td>Fabricante<\/td>\n            <td>Lubluelu<\/td>\n        <\/tr>\n        <tr>\n            <td>N\u00famero de art\u00edculos<\/td>\n            <td>1<\/td>\n        <\/tr>\n        <tr>\n            <td>Tipo de controlador<\/td>\n            <td>Pulsador<\/td>\n        <\/tr>\n        <tr>\n            <td>Potencia del motor<\/td>\n            <td>220 vatios<\/td>\n        <\/tr>\n        <tr>\n            <td>M\u00e9todo de control<\/td>\n            <td>Remoto<\/td>\n        <\/tr>\n        <tr>\n            <td>Estilo<\/td>\n            <td>Stick<\/td>\n        <\/tr>\n        <tr>\n            <td>N\u00famero de velocidades<\/td>\n            <td>3<\/td>\n        <\/tr>\n        <tr>\n            <td>Port\u00e1til<\/td>\n            <td>S\u00ed<\/td>\n        <\/tr>\n        <tr>\n            <td>N\u00famero de niveles de potencia<\/td>\n            <td>3<\/td>\n        <\/tr>\n        <tr>\n            <td>Uso interior\/exterior<\/td>\n            <td>Interior<\/td>\n        <\/tr>\n        <tr>\n            <td>Potencia m\u00e1xima<\/td>\n            <td>220 vatios<\/td>\n        <\/tr>\n        <tr>\n            <td>UPC<\/td>\n            <td>774882495222<\/td>\n        <\/tr>\n        <tr>\n            <td>Peso del art\u00edculo<\/td>\n            <td>4,62 libras<\/td>\n        <\/tr>\n        <tr>\n            <td>ASIN<\/td>\n            <td>B0BVPSCHWT<\/td>\n        <\/tr>\n        <tr>\n            <td>N\u00famero de modelo del art\u00edculo<\/td>\n            <td>GX-202Z-R01-IT<\/td>\n        <\/tr>\n        <tr>\n            <td>Pilas<\/td>\n            <td>Necesita 1 pila A. (incluidas)<\/td>\n        <\/tr>\n    <\/table>\n<\/body>\n<\/html>\t\t\t\t\t\t\t\t<\/div>\n\t\t\t\t<\/div>\n\t\t\t\t<\/div>\n\t\t\t\t\t<\/div>\n\t\t\t\t<\/div>\n\t\t<div class=\"elementor-element elementor-element-50748e1f e-flex e-con-boxed e-con e-parent\" data-id=\"50748e1f\" data-element_type=\"container\" data-settings=\"{&quot;ekit_has_onepagescroll_dot&quot;:&quot;yes&quot;}\">\n\t\t\t\t\t<div class=\"e-con-inner\">\n\t\t\t\t<div class=\"elementor-element elementor-element-129463d2 elementor-widget elementor-widget-image\" data-id=\"129463d2\" data-element_type=\"widget\" data-settings=\"{&quot;ekit_we_effect_on&quot;:&quot;none&quot;}\" data-widget_type=\"image.default\">\n\t\t\t\t<div class=\"elementor-widget-container\">\n\t\t\t\t\t\t\t\t\t\t\t\t\t\t\t<img loading=\"lazy\" decoding=\"async\" width=\"1464\" height=\"600\" src=\"https:\/\/myownbrandman.shop\/wp-content\/uploads\/2026\/01\/4f4914a3-e340-43c2-936c-a9a9558593ce.__CR001464600_PT0_SX1464_V1___.jpg\" class=\"attachment-full size-full wp-image-14239 wvs-archive-product-image\" alt=\"\" srcset=\"https:\/\/myownbrandman.shop\/wp-content\/uploads\/2026\/01\/4f4914a3-e340-43c2-936c-a9a9558593ce.__CR001464600_PT0_SX1464_V1___.jpg 1464w, https:\/\/myownbrandman.shop\/wp-content\/uploads\/2026\/01\/4f4914a3-e340-43c2-936c-a9a9558593ce.__CR001464600_PT0_SX1464_V1___-300x123.jpg 300w, https:\/\/myownbrandman.shop\/wp-content\/uploads\/2026\/01\/4f4914a3-e340-43c2-936c-a9a9558593ce.__CR001464600_PT0_SX1464_V1___-1024x420.jpg 1024w, https:\/\/myownbrandman.shop\/wp-content\/uploads\/2026\/01\/4f4914a3-e340-43c2-936c-a9a9558593ce.__CR001464600_PT0_SX1464_V1___-768x315.jpg 768w, https:\/\/myownbrandman.shop\/wp-content\/uploads\/2026\/01\/4f4914a3-e340-43c2-936c-a9a9558593ce.__CR001464600_PT0_SX1464_V1___-18x7.jpg 18w, https:\/\/myownbrandman.shop\/wp-content\/uploads\/2026\/01\/4f4914a3-e340-43c2-936c-a9a9558593ce.__CR001464600_PT0_SX1464_V1___-600x246.jpg 600w, https:\/\/myownbrandman.shop\/wp-content\/uploads\/2026\/01\/4f4914a3-e340-43c2-936c-a9a9558593ce.__CR001464600_PT0_SX1464_V1___-1x1.jpg 1w, https:\/\/myownbrandman.shop\/wp-content\/uploads\/2026\/01\/4f4914a3-e340-43c2-936c-a9a9558593ce.__CR001464600_PT0_SX1464_V1___-10x4.jpg 10w\" sizes=\"auto, (max-width: 1464px) 100vw, 1464px\" \/>\t\t\t\t\t\t\t\t\t\t\t\t\t\t\t<\/div>\n\t\t\t\t<\/div>\n\t\t\t\t<div class=\"elementor-element elementor-element-1278a096 elementor-widget elementor-widget-image\" data-id=\"1278a096\" data-element_type=\"widget\" data-settings=\"{&quot;ekit_we_effect_on&quot;:&quot;none&quot;}\" data-widget_type=\"image.default\">\n\t\t\t\t<div class=\"elementor-widget-container\">\n\t\t\t\t\t\t\t\t\t\t\t\t\t\t\t<img loading=\"lazy\" decoding=\"async\" width=\"1464\" height=\"600\" src=\"https:\/\/myownbrandman.shop\/wp-content\/uploads\/2026\/01\/cf4b03f5-1752-433f-b7b8-b85210a535c1.__CR001464600_PT0_SX1464_V1___.jpg\" class=\"attachment-full size-full wp-image-14240 wvs-archive-product-image\" alt=\"\" srcset=\"https:\/\/myownbrandman.shop\/wp-content\/uploads\/2026\/01\/cf4b03f5-1752-433f-b7b8-b85210a535c1.__CR001464600_PT0_SX1464_V1___.jpg 1464w, https:\/\/myownbrandman.shop\/wp-content\/uploads\/2026\/01\/cf4b03f5-1752-433f-b7b8-b85210a535c1.__CR001464600_PT0_SX1464_V1___-300x123.jpg 300w, https:\/\/myownbrandman.shop\/wp-content\/uploads\/2026\/01\/cf4b03f5-1752-433f-b7b8-b85210a535c1.__CR001464600_PT0_SX1464_V1___-1024x420.jpg 1024w, https:\/\/myownbrandman.shop\/wp-content\/uploads\/2026\/01\/cf4b03f5-1752-433f-b7b8-b85210a535c1.__CR001464600_PT0_SX1464_V1___-768x315.jpg 768w, https:\/\/myownbrandman.shop\/wp-content\/uploads\/2026\/01\/cf4b03f5-1752-433f-b7b8-b85210a535c1.__CR001464600_PT0_SX1464_V1___-18x7.jpg 18w, https:\/\/myownbrandman.shop\/wp-content\/uploads\/2026\/01\/cf4b03f5-1752-433f-b7b8-b85210a535c1.__CR001464600_PT0_SX1464_V1___-600x246.jpg 600w, https:\/\/myownbrandman.shop\/wp-content\/uploads\/2026\/01\/cf4b03f5-1752-433f-b7b8-b85210a535c1.__CR001464600_PT0_SX1464_V1___-1x1.jpg 1w, https:\/\/myownbrandman.shop\/wp-content\/uploads\/2026\/01\/cf4b03f5-1752-433f-b7b8-b85210a535c1.__CR001464600_PT0_SX1464_V1___-10x4.jpg 10w\" sizes=\"auto, (max-width: 1464px) 100vw, 1464px\" \/>\t\t\t\t\t\t\t\t\t\t\t\t\t\t\t<\/div>\n\t\t\t\t<\/div>\n\t\t\t\t<div class=\"elementor-element elementor-element-4b0fa720 elementor-widget elementor-widget-image\" data-id=\"4b0fa720\" data-element_type=\"widget\" data-settings=\"{&quot;ekit_we_effect_on&quot;:&quot;none&quot;}\" data-widget_type=\"image.default\">\n\t\t\t\t<div class=\"elementor-widget-container\">\n\t\t\t\t\t\t\t\t\t\t\t\t\t\t\t<img loading=\"lazy\" decoding=\"async\" width=\"1464\" height=\"600\" src=\"https:\/\/myownbrandman.shop\/wp-content\/uploads\/2026\/01\/bd268fed-fe67-4ef2-9dff-d2b930481b91.__CR001464600_PT0_SX1464_V1___.jpg\" class=\"attachment-full size-full wp-image-14241 wvs-archive-product-image\" alt=\"\" srcset=\"https:\/\/myownbrandman.shop\/wp-content\/uploads\/2026\/01\/bd268fed-fe67-4ef2-9dff-d2b930481b91.__CR001464600_PT0_SX1464_V1___.jpg 1464w, https:\/\/myownbrandman.shop\/wp-content\/uploads\/2026\/01\/bd268fed-fe67-4ef2-9dff-d2b930481b91.__CR001464600_PT0_SX1464_V1___-300x123.jpg 300w, https:\/\/myownbrandman.shop\/wp-content\/uploads\/2026\/01\/bd268fed-fe67-4ef2-9dff-d2b930481b91.__CR001464600_PT0_SX1464_V1___-1024x420.jpg 1024w, https:\/\/myownbrandman.shop\/wp-content\/uploads\/2026\/01\/bd268fed-fe67-4ef2-9dff-d2b930481b91.__CR001464600_PT0_SX1464_V1___-768x315.jpg 768w, https:\/\/myownbrandman.shop\/wp-content\/uploads\/2026\/01\/bd268fed-fe67-4ef2-9dff-d2b930481b91.__CR001464600_PT0_SX1464_V1___-18x7.jpg 18w, https:\/\/myownbrandman.shop\/wp-content\/uploads\/2026\/01\/bd268fed-fe67-4ef2-9dff-d2b930481b91.__CR001464600_PT0_SX1464_V1___-600x246.jpg 600w, https:\/\/myownbrandman.shop\/wp-content\/uploads\/2026\/01\/bd268fed-fe67-4ef2-9dff-d2b930481b91.__CR001464600_PT0_SX1464_V1___-1x1.jpg 1w, https:\/\/myownbrandman.shop\/wp-content\/uploads\/2026\/01\/bd268fed-fe67-4ef2-9dff-d2b930481b91.__CR001464600_PT0_SX1464_V1___-10x4.jpg 10w\" sizes=\"auto, (max-width: 1464px) 100vw, 1464px\" \/>\t\t\t\t\t\t\t\t\t\t\t\t\t\t\t<\/div>\n\t\t\t\t<\/div>\n\t\t\t\t<div class=\"elementor-element elementor-element-2d13f2c elementor-widget elementor-widget-image\" data-id=\"2d13f2c\" data-element_type=\"widget\" data-settings=\"{&quot;ekit_we_effect_on&quot;:&quot;none&quot;}\" data-widget_type=\"image.default\">\n\t\t\t\t<div class=\"elementor-widget-container\">\n\t\t\t\t\t\t\t\t\t\t\t\t\t\t\t<img loading=\"lazy\" decoding=\"async\" width=\"1464\" height=\"600\" src=\"https:\/\/myownbrandman.shop\/wp-content\/uploads\/2026\/01\/dce2407b-149d-495a-b8b4-f73df58d315e.__CR001464600_PT0_SX1464_V1___.jpg\" class=\"attachment-full size-full wp-image-14242 wvs-archive-product-image\" alt=\"\" srcset=\"https:\/\/myownbrandman.shop\/wp-content\/uploads\/2026\/01\/dce2407b-149d-495a-b8b4-f73df58d315e.__CR001464600_PT0_SX1464_V1___.jpg 1464w, https:\/\/myownbrandman.shop\/wp-content\/uploads\/2026\/01\/dce2407b-149d-495a-b8b4-f73df58d315e.__CR001464600_PT0_SX1464_V1___-300x123.jpg 300w, https:\/\/myownbrandman.shop\/wp-content\/uploads\/2026\/01\/dce2407b-149d-495a-b8b4-f73df58d315e.__CR001464600_PT0_SX1464_V1___-1024x420.jpg 1024w, https:\/\/myownbrandman.shop\/wp-content\/uploads\/2026\/01\/dce2407b-149d-495a-b8b4-f73df58d315e.__CR001464600_PT0_SX1464_V1___-768x315.jpg 768w, https:\/\/myownbrandman.shop\/wp-content\/uploads\/2026\/01\/dce2407b-149d-495a-b8b4-f73df58d315e.__CR001464600_PT0_SX1464_V1___-18x7.jpg 18w, https:\/\/myownbrandman.shop\/wp-content\/uploads\/2026\/01\/dce2407b-149d-495a-b8b4-f73df58d315e.__CR001464600_PT0_SX1464_V1___-600x246.jpg 600w, https:\/\/myownbrandman.shop\/wp-content\/uploads\/2026\/01\/dce2407b-149d-495a-b8b4-f73df58d315e.__CR001464600_PT0_SX1464_V1___-1x1.jpg 1w, https:\/\/myownbrandman.shop\/wp-content\/uploads\/2026\/01\/dce2407b-149d-495a-b8b4-f73df58d315e.__CR001464600_PT0_SX1464_V1___-10x4.jpg 10w\" sizes=\"auto, (max-width: 1464px) 100vw, 1464px\" \/>\t\t\t\t\t\t\t\t\t\t\t\t\t\t\t<\/div>\n\t\t\t\t<\/div>\n\t\t\t\t<div class=\"elementor-element elementor-element-eb87e0d elementor--h-position-center elementor--v-position-middle elementor-arrows-position-inside elementor-pagination-position-inside elementor-widget elementor-widget-slides\" data-id=\"eb87e0d\" data-element_type=\"widget\" data-settings=\"{&quot;navigation&quot;:&quot;both&quot;,&quot;autoplay&quot;:&quot;yes&quot;,&quot;pause_on_hover&quot;:&quot;yes&quot;,&quot;pause_on_interaction&quot;:&quot;yes&quot;,&quot;autoplay_speed&quot;:5000,&quot;infinite&quot;:&quot;yes&quot;,&quot;transition&quot;:&quot;slide&quot;,&quot;transition_speed&quot;:500,&quot;ekit_we_effect_on&quot;:&quot;none&quot;}\" data-widget_type=\"slides.default\">\n\t\t\t\t<div class=\"elementor-widget-container\">\n\t\t\t\t\t\t\t\t\t<div class=\"elementor-swiper\">\r\n\t\t\t\t\t<div class=\"elementor-slides-wrapper elementor-main-swiper swiper\" role=\"region\" aria-roledescription=\"carousel\" aria-label=\"Diapositivas\" dir=\"ltr\" data-animation=\"fadeInUp\">\r\n\t\t\t\t<div class=\"swiper-wrapper elementor-slides\">\r\n\t\t\t\t\t\t\t\t\t\t<div class=\"elementor-repeater-item-978078b swiper-slide\" role=\"group\" aria-roledescription=\"slide\"><div class=\"swiper-slide-bg\" role=\"img\" aria-label=\"952ba468-8ded-4459-b5ed-4f9a5faf9715.__CR001464600_PT0_SX1464_V1___.jpg\"><\/div><div class=\"swiper-slide-inner\" ><div class=\"swiper-slide-contents\"><\/div><\/div><\/div><div class=\"elementor-repeater-item-19c1939 swiper-slide\" role=\"group\" aria-roledescription=\"slide\"><div class=\"swiper-slide-bg\" role=\"img\" aria-label=\"8623037f-5ff7-4e6e-91b0-46758c77f614.__CR001464600_PT0_SX1464_V1___.jpg\"><\/div><div class=\"swiper-slide-inner\" ><div class=\"swiper-slide-contents\"><\/div><\/div><\/div><div class=\"elementor-repeater-item-59ba89a swiper-slide\" role=\"group\" aria-roledescription=\"slide\"><div class=\"swiper-slide-bg\" role=\"img\" aria-label=\"d49b48f5-e8df-4188-bd28-ce802fc9b1d8.__CR001464600_PT0_SX1464_V1___.jpg\"><\/div><div class=\"swiper-slide-inner\" ><div class=\"swiper-slide-contents\"><\/div><\/div><\/div><div class=\"elementor-repeater-item-3d596de swiper-slide\" role=\"group\" aria-roledescription=\"slide\"><div class=\"swiper-slide-bg\" role=\"img\" aria-label=\"c6f12789-95d6-47ef-8bdf-9914f924abf3.__CR001464600_PT0_SX1464_V1___-1.jpg\"><\/div><div class=\"swiper-slide-inner\" ><div class=\"swiper-slide-contents\"><\/div><\/div><\/div><div class=\"elementor-repeater-item-41b2ff3 swiper-slide\" role=\"group\" aria-roledescription=\"slide\"><div class=\"swiper-slide-bg\" role=\"img\" aria-label=\"83a4a890-d966-4186-938b-c9d564cc5522.__CR001464600_PT0_SX1464_V1___.jpg\"><\/div><div class=\"swiper-slide-inner\" ><div class=\"swiper-slide-contents\"><\/div><\/div><\/div><div class=\"elementor-repeater-item-5b11bb4 swiper-slide\" role=\"group\" aria-roledescription=\"slide\"><div class=\"swiper-slide-bg\" role=\"img\" aria-label=\"de98c7a8-c48d-4c4f-8b14-ad54d4911ddd.__CR001464600_PT0_SX1464_V1___.jpg\"><\/div><div class=\"swiper-slide-inner\" ><div class=\"swiper-slide-contents\"><\/div><\/div><\/div>\t\t\t\t<\/div>\r\n\t\t\t\t\t\t\t\t\t\t\t\t\t\t\t<div class=\"elementor-swiper-button elementor-swiper-button-prev\" role=\"button\" tabindex=\"0\" aria-label=\"Diapositiva anterior\" data-no-translation-aria-label=\"\">\r\n\t\t\t\t\t\t\t<svg aria-hidden=\"true\" class=\"e-font-icon-svg e-eicon-chevron-left\" viewbox=\"0 0 1000 1000\" xmlns=\"http:\/\/www.w3.org\/2000\/svg\"><path d=\"M646 125C629 125 613 133 604 142L308 442C296 454 292 471 292 487 292 504 296 521 308 533L604 854C617 867 629 875 646 875 663 875 679 871 692 858 704 846 713 829 713 812 713 796 708 779 692 767L438 487 692 225C700 217 708 204 708 187 708 171 704 154 692 142 675 129 663 125 646 125Z\"><\/path><\/svg>\t\t\t\t\t\t<\/div>\r\n\t\t\t\t\t\t<div class=\"elementor-swiper-button elementor-swiper-button-next\" role=\"button\" tabindex=\"0\" aria-label=\"Siguiente diapositiva\" data-no-translation-aria-label=\"\">\r\n\t\t\t\t\t\t\t<svg aria-hidden=\"true\" class=\"e-font-icon-svg e-eicon-chevron-right\" viewbox=\"0 0 1000 1000\" xmlns=\"http:\/\/www.w3.org\/2000\/svg\"><path d=\"M696 533C708 521 713 504 713 487 713 471 708 454 696 446L400 146C388 133 375 125 354 125 338 125 325 129 313 142 300 154 292 171 292 187 292 204 296 221 308 233L563 492 304 771C292 783 288 800 288 817 288 833 296 850 308 863 321 871 338 875 354 875 371 875 388 867 400 854L696 533Z\"><\/path><\/svg>\t\t\t\t\t\t<\/div>\r\n\t\t\t\t\t\t\t\t\t\t\t\t\t\t\t\t<div class=\"swiper-pagination\"><\/div>\r\n\t\t\t\t\t\t\t\t\t\t\t\t<\/div>\r\n\t\t\t\t<\/div>\r\n\t\t\t\t\t\t\t\t<\/div>\n\t\t\t\t<\/div>\n\t\t\t\t<div class=\"elementor-element elementor-element-7ca644ce elementor-widget elementor-widget-image\" data-id=\"7ca644ce\" data-element_type=\"widget\" data-settings=\"{&quot;ekit_we_effect_on&quot;:&quot;none&quot;}\" data-widget_type=\"image.default\">\n\t\t\t\t<div class=\"elementor-widget-container\">\n\t\t\t\t\t\t\t\t\t\t\t\t\t\t\t<img loading=\"lazy\" decoding=\"async\" width=\"1464\" height=\"600\" src=\"https:\/\/myownbrandman.shop\/wp-content\/uploads\/2026\/01\/b984ed76-c36d-4a1b-a390-2c3641750d0b.__CR001464600_PT0_SX1464_V1___.jpg\" class=\"attachment-full size-full wp-image-14249 wvs-archive-product-image\" alt=\"\" srcset=\"https:\/\/myownbrandman.shop\/wp-content\/uploads\/2026\/01\/b984ed76-c36d-4a1b-a390-2c3641750d0b.__CR001464600_PT0_SX1464_V1___.jpg 1464w, https:\/\/myownbrandman.shop\/wp-content\/uploads\/2026\/01\/b984ed76-c36d-4a1b-a390-2c3641750d0b.__CR001464600_PT0_SX1464_V1___-300x123.jpg 300w, https:\/\/myownbrandman.shop\/wp-content\/uploads\/2026\/01\/b984ed76-c36d-4a1b-a390-2c3641750d0b.__CR001464600_PT0_SX1464_V1___-1024x420.jpg 1024w, https:\/\/myownbrandman.shop\/wp-content\/uploads\/2026\/01\/b984ed76-c36d-4a1b-a390-2c3641750d0b.__CR001464600_PT0_SX1464_V1___-768x315.jpg 768w, https:\/\/myownbrandman.shop\/wp-content\/uploads\/2026\/01\/b984ed76-c36d-4a1b-a390-2c3641750d0b.__CR001464600_PT0_SX1464_V1___-18x7.jpg 18w, https:\/\/myownbrandman.shop\/wp-content\/uploads\/2026\/01\/b984ed76-c36d-4a1b-a390-2c3641750d0b.__CR001464600_PT0_SX1464_V1___-600x246.jpg 600w, https:\/\/myownbrandman.shop\/wp-content\/uploads\/2026\/01\/b984ed76-c36d-4a1b-a390-2c3641750d0b.__CR001464600_PT0_SX1464_V1___-1x1.jpg 1w, https:\/\/myownbrandman.shop\/wp-content\/uploads\/2026\/01\/b984ed76-c36d-4a1b-a390-2c3641750d0b.__CR001464600_PT0_SX1464_V1___-10x4.jpg 10w\" sizes=\"auto, (max-width: 1464px) 100vw, 1464px\" \/>\t\t\t\t\t\t\t\t\t\t\t\t\t\t\t<\/div>\n\t\t\t\t<\/div>\n\t\t\t\t\t<\/div>\n\t\t\t\t<\/div>\n\t\t\t\t<\/div>","protected":false},"excerpt":{"rendered":"<h1 class=\"a-size-base-plus a-text-bold\">Acerca de este art\u00edculo<\/h1>\n<ul class=\"a-unordered-list a-vertical a-spacing-mini\">\n<li class=\"a-spacing-mini\">\n<p class=\"ds-markdown-paragraph\"><strong>Extremadamente ligero<\/strong><br \/>\nEl Staubsauger kabelose con motor de 235 W de alto rendimiento se enciende de forma suave y eficiente en todas las superficies, ideal incluso para un uso prolongado.<\/p>\n<p class=\"ds-markdown-paragraph\"><strong>3 Reinigungs- und Saugmodi<\/strong><br \/>\nMit Staubpinsel, Fugend\u00fcse, Bodend\u00fcse, Teleskoprohr und drei Saugstufen. Perfekt f\u00fcr B\u00f6den, Teppiche, Sofas und Autositze.<\/p>\n<p class=\"ds-markdown-paragraph\"><strong>Construcci\u00f3n libre<\/strong><br \/>\nStabiler Stand ohne Wandhalterung - einfach abstellen, ohne sich b\u00fccken zu m\u00fcssen. Spart Platz und gibt mehr Flexibilit\u00e4t beim Putzen.<\/p>\n<p class=\"ds-markdown-paragraph\"><strong>LED-Bodend\u00fcse und Leichtbauweise<\/strong><br \/>\nFlexibler Drehkopf mit LED-Licht erreicht m\u00fchles Ecken und unter M\u00f6bel. Leichtes Design f\u00fcr erm\u00fcdungsfreies Reinigen.<\/p>\n<p class=\"ds-markdown-paragraph\"><strong>Sistema de filtro de 5 filtros<\/strong><br \/>\nCon Zyklontrennung, Edelstahlgitter, HEPA-Filter, Motorfilter y Schwammfilter. Se limpia solo el polvo y la suciedad - todos los filtros son lavables.<\/p>\n<p class=\"ds-markdown-paragraph\"><strong>Wechselbarer Akku<\/strong><br \/>\n2200-mAh-Akku bietet 15-50 Minuten Laufzeit je nach Saugstufe. Con Zweitakku verl\u00e4ngern Sie die Reinigungszeit einfach f\u00fcr das gesamte Haus.<\/p>\n<\/li>\n<\/ul>","protected":false},"featured_media":14152,"comment_status":"open","ping_status":"closed","template":"","meta":{"_acf_changed":false},"etheme_brands":[],"product_brand":[],"product_cat":[118],"product_tag":[],"class_list":{"0":"post-14078","1":"product","2":"type-product","3":"status-publish","4":"has-post-thumbnail","6":"product_cat-sale-shop","8":"first","9":"instock","10":"sale","11":"shipping-taxable","12":"purchasable","13":"product-type-variable","14":"has-default-attributes","15":"wvs-archive-product-wrapper"},"acf":[],"_links":{"self":[{"href":"https:\/\/myownbrandman.shop\/es\/wp-json\/wp\/v2\/product\/14078","targetHints":{"allow":["GET"]}}],"collection":[{"href":"https:\/\/myownbrandman.shop\/es\/wp-json\/wp\/v2\/product"}],"about":[{"href":"https:\/\/myownbrandman.shop\/es\/wp-json\/wp\/v2\/types\/product"}],"replies":[{"embeddable":true,"href":"https:\/\/myownbrandman.shop\/es\/wp-json\/wp\/v2\/comments?post=14078"}],"version-history":[{"count":4,"href":"https:\/\/myownbrandman.shop\/es\/wp-json\/wp\/v2\/product\/14078\/revisions"}],"predecessor-version":[{"id":14257,"href":"https:\/\/myownbrandman.shop\/es\/wp-json\/wp\/v2\/product\/14078\/revisions\/14257"}],"wp:featuredmedia":[{"embeddable":true,"href":"https:\/\/myownbrandman.shop\/es\/wp-json\/wp\/v2\/media\/14152"}],"wp:attachment":[{"href":"https:\/\/myownbrandman.shop\/es\/wp-json\/wp\/v2\/media?parent=14078"}],"wp:term":[{"taxonomy":"brand","embeddable":true,"href":"https:\/\/myownbrandman.shop\/es\/wp-json\/wp\/v2\/etheme_brands?post=14078"},{"taxonomy":"product_brand","embeddable":true,"href":"https:\/\/myownbrandman.shop\/es\/wp-json\/wp\/v2\/product_brand?post=14078"},{"taxonomy":"product_cat","embeddable":true,"href":"https:\/\/myownbrandman.shop\/es\/wp-json\/wp\/v2\/product_cat?post=14078"},{"taxonomy":"product_tag","embeddable":true,"href":"https:\/\/myownbrandman.shop\/es\/wp-json\/wp\/v2\/product_tag?post=14078"}],"curies":[{"name":"wp","href":"https:\/\/api.w.org\/{rel}","templated":true}]}}