{"id":14075,"date":"2026-01-28T12:39:11","date_gmt":"2026-01-28T12:39:11","guid":{"rendered":"https:\/\/myownbrandman.shop\/?post_type=product&#038;p=14075"},"modified":"2026-02-04T03:27:26","modified_gmt":"2026-02-04T03:27:26","slug":"netto-xxl-probierbox-fur-nur-2490-50-sparen-mix-aus-20-artikeln-aus-dem-netto-eigenmarkensortiment-marken-discount","status":"publish","type":"product","link":"https:\/\/myownbrandman.shop\/es\/producto\/netto-xxl-probierbox-fur-nur-2490-50-sparen-mix-aus-20-artikeln-aus-dem-netto-eigenmarkensortiment-marken-discount\/","title":{"rendered":"Netto XXL-Probierbox f\u00fcr nur 24,90 50% sparen - Mix aus 20 Artikeln aus dem Netto-Eigenmarkensortiment Marken-Discount"},"content":{"rendered":"<div data-elementor-type=\"product-post\" data-elementor-id=\"14075\" class=\"elementor elementor-14075\" data-elementor-post-type=\"product\">\n\t\t\t\t<div class=\"elementor-element elementor-element-43a5c2db e-flex e-con-boxed e-con e-parent\" data-id=\"43a5c2db\" data-element_type=\"container\" data-settings=\"{&quot;ekit_has_onepagescroll_dot&quot;:&quot;yes&quot;}\">\n\t\t\t\t\t<div class=\"e-con-inner\">\n\t\t\t\t<div class=\"elementor-element elementor-element-8889af0 elementor-widget elementor-widget-image\" data-id=\"8889af0\" data-element_type=\"widget\" data-settings=\"{&quot;ekit_we_effect_on&quot;:&quot;none&quot;}\" data-widget_type=\"image.default\">\n\t\t\t\t<div class=\"elementor-widget-container\">\n\t\t\t\t\t\t\t\t\t\t\t\t\t\t\t<img loading=\"lazy\" decoding=\"async\" width=\"384\" height=\"384\" src=\"https:\/\/myownbrandman.shop\/wp-content\/uploads\/2026\/02\/157df0770e8c4bf09883e1d474ee6ddd.jpegtplv-a9rns2rl98-downsize_watermark_1_5_b-4.png\" class=\"attachment-large size-large wp-image-14392 wvs-archive-product-image\" alt=\"\" srcset=\"https:\/\/myownbrandman.shop\/wp-content\/uploads\/2026\/02\/157df0770e8c4bf09883e1d474ee6ddd.jpegtplv-a9rns2rl98-downsize_watermark_1_5_b-4.png 384w, https:\/\/myownbrandman.shop\/wp-content\/uploads\/2026\/02\/157df0770e8c4bf09883e1d474ee6ddd.jpegtplv-a9rns2rl98-downsize_watermark_1_5_b-4-300x300.png 300w, https:\/\/myownbrandman.shop\/wp-content\/uploads\/2026\/02\/157df0770e8c4bf09883e1d474ee6ddd.jpegtplv-a9rns2rl98-downsize_watermark_1_5_b-4-150x150.png 150w, https:\/\/myownbrandman.shop\/wp-content\/uploads\/2026\/02\/157df0770e8c4bf09883e1d474ee6ddd.jpegtplv-a9rns2rl98-downsize_watermark_1_5_b-4-12x12.png 12w, https:\/\/myownbrandman.shop\/wp-content\/uploads\/2026\/02\/157df0770e8c4bf09883e1d474ee6ddd.jpegtplv-a9rns2rl98-downsize_watermark_1_5_b-4-100x100.png 100w, https:\/\/myownbrandman.shop\/wp-content\/uploads\/2026\/02\/157df0770e8c4bf09883e1d474ee6ddd.jpegtplv-a9rns2rl98-downsize_watermark_1_5_b-4-50x50.png 50w, https:\/\/myownbrandman.shop\/wp-content\/uploads\/2026\/02\/157df0770e8c4bf09883e1d474ee6ddd.jpegtplv-a9rns2rl98-downsize_watermark_1_5_b-4-1x1.png 1w, https:\/\/myownbrandman.shop\/wp-content\/uploads\/2026\/02\/157df0770e8c4bf09883e1d474ee6ddd.jpegtplv-a9rns2rl98-downsize_watermark_1_5_b-4-10x10.png 10w\" sizes=\"auto, (max-width: 384px) 100vw, 384px\" \/>\t\t\t\t\t\t\t\t\t\t\t\t\t\t\t<\/div>\n\t\t\t\t<\/div>\n\t\t\t\t<div class=\"elementor-element elementor-element-47baf50b elementor-widget elementor-widget-image\" data-id=\"47baf50b\" data-element_type=\"widget\" data-settings=\"{&quot;ekit_we_effect_on&quot;:&quot;none&quot;}\" data-widget_type=\"image.default\">\n\t\t\t\t<div class=\"elementor-widget-container\">\n\t\t\t\t\t\t\t\t\t\t\t\t\t\t\t<img loading=\"lazy\" decoding=\"async\" width=\"384\" height=\"384\" src=\"https:\/\/myownbrandman.shop\/wp-content\/uploads\/2026\/02\/ae7638b2963c4dd89185beb699130c81.jpegtplv-a9rns2rl98-downsize_watermark_1_5_b-4.png\" class=\"attachment-large size-large wp-image-14393 wvs-archive-product-image\" alt=\"\" srcset=\"https:\/\/myownbrandman.shop\/wp-content\/uploads\/2026\/02\/ae7638b2963c4dd89185beb699130c81.jpegtplv-a9rns2rl98-downsize_watermark_1_5_b-4.png 384w, https:\/\/myownbrandman.shop\/wp-content\/uploads\/2026\/02\/ae7638b2963c4dd89185beb699130c81.jpegtplv-a9rns2rl98-downsize_watermark_1_5_b-4-300x300.png 300w, https:\/\/myownbrandman.shop\/wp-content\/uploads\/2026\/02\/ae7638b2963c4dd89185beb699130c81.jpegtplv-a9rns2rl98-downsize_watermark_1_5_b-4-150x150.png 150w, https:\/\/myownbrandman.shop\/wp-content\/uploads\/2026\/02\/ae7638b2963c4dd89185beb699130c81.jpegtplv-a9rns2rl98-downsize_watermark_1_5_b-4-12x12.png 12w, https:\/\/myownbrandman.shop\/wp-content\/uploads\/2026\/02\/ae7638b2963c4dd89185beb699130c81.jpegtplv-a9rns2rl98-downsize_watermark_1_5_b-4-100x100.png 100w, https:\/\/myownbrandman.shop\/wp-content\/uploads\/2026\/02\/ae7638b2963c4dd89185beb699130c81.jpegtplv-a9rns2rl98-downsize_watermark_1_5_b-4-50x50.png 50w, https:\/\/myownbrandman.shop\/wp-content\/uploads\/2026\/02\/ae7638b2963c4dd89185beb699130c81.jpegtplv-a9rns2rl98-downsize_watermark_1_5_b-4-1x1.png 1w, https:\/\/myownbrandman.shop\/wp-content\/uploads\/2026\/02\/ae7638b2963c4dd89185beb699130c81.jpegtplv-a9rns2rl98-downsize_watermark_1_5_b-4-10x10.png 10w\" sizes=\"auto, (max-width: 384px) 100vw, 384px\" \/>\t\t\t\t\t\t\t\t\t\t\t\t\t\t\t<\/div>\n\t\t\t\t<\/div>\n\t\t\t\t<div class=\"elementor-element elementor-element-7466f979 elementor-widget elementor-widget-image\" data-id=\"7466f979\" data-element_type=\"widget\" data-settings=\"{&quot;ekit_we_effect_on&quot;:&quot;none&quot;}\" data-widget_type=\"image.default\">\n\t\t\t\t<div class=\"elementor-widget-container\">\n\t\t\t\t\t\t\t\t\t\t\t\t\t\t\t<img loading=\"lazy\" decoding=\"async\" width=\"384\" height=\"384\" src=\"https:\/\/myownbrandman.shop\/wp-content\/uploads\/2026\/02\/2bc5d117ca444dc9800a1dc32bb7aec8.jpegtplv-a9rns2rl98-downsize_watermark_1_5_b-4.png\" class=\"attachment-large size-large wp-image-14394 wvs-archive-product-image\" alt=\"\" srcset=\"https:\/\/myownbrandman.shop\/wp-content\/uploads\/2026\/02\/2bc5d117ca444dc9800a1dc32bb7aec8.jpegtplv-a9rns2rl98-downsize_watermark_1_5_b-4.png 384w, https:\/\/myownbrandman.shop\/wp-content\/uploads\/2026\/02\/2bc5d117ca444dc9800a1dc32bb7aec8.jpegtplv-a9rns2rl98-downsize_watermark_1_5_b-4-300x300.png 300w, https:\/\/myownbrandman.shop\/wp-content\/uploads\/2026\/02\/2bc5d117ca444dc9800a1dc32bb7aec8.jpegtplv-a9rns2rl98-downsize_watermark_1_5_b-4-150x150.png 150w, https:\/\/myownbrandman.shop\/wp-content\/uploads\/2026\/02\/2bc5d117ca444dc9800a1dc32bb7aec8.jpegtplv-a9rns2rl98-downsize_watermark_1_5_b-4-12x12.png 12w, https:\/\/myownbrandman.shop\/wp-content\/uploads\/2026\/02\/2bc5d117ca444dc9800a1dc32bb7aec8.jpegtplv-a9rns2rl98-downsize_watermark_1_5_b-4-100x100.png 100w, https:\/\/myownbrandman.shop\/wp-content\/uploads\/2026\/02\/2bc5d117ca444dc9800a1dc32bb7aec8.jpegtplv-a9rns2rl98-downsize_watermark_1_5_b-4-50x50.png 50w, https:\/\/myownbrandman.shop\/wp-content\/uploads\/2026\/02\/2bc5d117ca444dc9800a1dc32bb7aec8.jpegtplv-a9rns2rl98-downsize_watermark_1_5_b-4-1x1.png 1w, https:\/\/myownbrandman.shop\/wp-content\/uploads\/2026\/02\/2bc5d117ca444dc9800a1dc32bb7aec8.jpegtplv-a9rns2rl98-downsize_watermark_1_5_b-4-10x10.png 10w\" sizes=\"auto, (max-width: 384px) 100vw, 384px\" \/>\t\t\t\t\t\t\t\t\t\t\t\t\t\t\t<\/div>\n\t\t\t\t<\/div>\n\t\t\t\t<div class=\"elementor-element elementor-element-52460d6b elementor-widget elementor-widget-image\" data-id=\"52460d6b\" data-element_type=\"widget\" data-settings=\"{&quot;ekit_we_effect_on&quot;:&quot;none&quot;}\" data-widget_type=\"image.default\">\n\t\t\t\t<div class=\"elementor-widget-container\">\n\t\t\t\t\t\t\t\t\t\t\t\t\t\t\t<img loading=\"lazy\" decoding=\"async\" width=\"384\" height=\"384\" src=\"https:\/\/myownbrandman.shop\/wp-content\/uploads\/2026\/02\/ec20d993e3b1413daf2ec22bdcf33c71.jpegtplv-a9rns2rl98-downsize_watermark_1_5_b-4.png\" class=\"attachment-large size-large wp-image-14395 wvs-archive-product-image\" alt=\"\" srcset=\"https:\/\/myownbrandman.shop\/wp-content\/uploads\/2026\/02\/ec20d993e3b1413daf2ec22bdcf33c71.jpegtplv-a9rns2rl98-downsize_watermark_1_5_b-4.png 384w, https:\/\/myownbrandman.shop\/wp-content\/uploads\/2026\/02\/ec20d993e3b1413daf2ec22bdcf33c71.jpegtplv-a9rns2rl98-downsize_watermark_1_5_b-4-300x300.png 300w, https:\/\/myownbrandman.shop\/wp-content\/uploads\/2026\/02\/ec20d993e3b1413daf2ec22bdcf33c71.jpegtplv-a9rns2rl98-downsize_watermark_1_5_b-4-150x150.png 150w, https:\/\/myownbrandman.shop\/wp-content\/uploads\/2026\/02\/ec20d993e3b1413daf2ec22bdcf33c71.jpegtplv-a9rns2rl98-downsize_watermark_1_5_b-4-12x12.png 12w, https:\/\/myownbrandman.shop\/wp-content\/uploads\/2026\/02\/ec20d993e3b1413daf2ec22bdcf33c71.jpegtplv-a9rns2rl98-downsize_watermark_1_5_b-4-100x100.png 100w, https:\/\/myownbrandman.shop\/wp-content\/uploads\/2026\/02\/ec20d993e3b1413daf2ec22bdcf33c71.jpegtplv-a9rns2rl98-downsize_watermark_1_5_b-4-50x50.png 50w, https:\/\/myownbrandman.shop\/wp-content\/uploads\/2026\/02\/ec20d993e3b1413daf2ec22bdcf33c71.jpegtplv-a9rns2rl98-downsize_watermark_1_5_b-4-1x1.png 1w, https:\/\/myownbrandman.shop\/wp-content\/uploads\/2026\/02\/ec20d993e3b1413daf2ec22bdcf33c71.jpegtplv-a9rns2rl98-downsize_watermark_1_5_b-4-10x10.png 10w\" sizes=\"auto, (max-width: 384px) 100vw, 384px\" \/>\t\t\t\t\t\t\t\t\t\t\t\t\t\t\t<\/div>\n\t\t\t\t<\/div>\n\t\t\t\t<div class=\"elementor-element elementor-element-728c2edc elementor-widget elementor-widget-image\" data-id=\"728c2edc\" data-element_type=\"widget\" data-settings=\"{&quot;ekit_we_effect_on&quot;:&quot;none&quot;}\" data-widget_type=\"image.default\">\n\t\t\t\t<div class=\"elementor-widget-container\">\n\t\t\t\t\t\t\t\t\t\t\t\t\t\t\t<img loading=\"lazy\" decoding=\"async\" width=\"800\" height=\"777\" src=\"https:\/\/myownbrandman.shop\/wp-content\/uploads\/2026\/02\/c0af1e2a0e494e65ae29eb283c3d0d1ftplv-t5fjg24jzw-resize-webp_800_800-5.webp\" class=\"attachment-large size-large wp-image-14396 wvs-archive-product-image\" alt=\"\" srcset=\"https:\/\/myownbrandman.shop\/wp-content\/uploads\/2026\/02\/c0af1e2a0e494e65ae29eb283c3d0d1ftplv-t5fjg24jzw-resize-webp_800_800-5.webp 800w, https:\/\/myownbrandman.shop\/wp-content\/uploads\/2026\/02\/c0af1e2a0e494e65ae29eb283c3d0d1ftplv-t5fjg24jzw-resize-webp_800_800-5-300x291.webp 300w, https:\/\/myownbrandman.shop\/wp-content\/uploads\/2026\/02\/c0af1e2a0e494e65ae29eb283c3d0d1ftplv-t5fjg24jzw-resize-webp_800_800-5-768x746.webp 768w, https:\/\/myownbrandman.shop\/wp-content\/uploads\/2026\/02\/c0af1e2a0e494e65ae29eb283c3d0d1ftplv-t5fjg24jzw-resize-webp_800_800-5-12x12.webp 12w, https:\/\/myownbrandman.shop\/wp-content\/uploads\/2026\/02\/c0af1e2a0e494e65ae29eb283c3d0d1ftplv-t5fjg24jzw-resize-webp_800_800-5-600x583.webp 600w, https:\/\/myownbrandman.shop\/wp-content\/uploads\/2026\/02\/c0af1e2a0e494e65ae29eb283c3d0d1ftplv-t5fjg24jzw-resize-webp_800_800-5-50x50.webp 50w, https:\/\/myownbrandman.shop\/wp-content\/uploads\/2026\/02\/c0af1e2a0e494e65ae29eb283c3d0d1ftplv-t5fjg24jzw-resize-webp_800_800-5-1x1.webp 1w, https:\/\/myownbrandman.shop\/wp-content\/uploads\/2026\/02\/c0af1e2a0e494e65ae29eb283c3d0d1ftplv-t5fjg24jzw-resize-webp_800_800-5-10x10.webp 10w\" sizes=\"auto, (max-width: 800px) 100vw, 800px\" \/>\t\t\t\t\t\t\t\t\t\t\t\t\t\t\t<\/div>\n\t\t\t\t<\/div>\n\t\t\t\t<div class=\"elementor-element elementor-element-72133f69 elementor-widget elementor-widget-image\" data-id=\"72133f69\" data-element_type=\"widget\" data-settings=\"{&quot;ekit_we_effect_on&quot;:&quot;none&quot;}\" data-widget_type=\"image.default\">\n\t\t\t\t<div class=\"elementor-widget-container\">\n\t\t\t\t\t\t\t\t\t\t\t\t\t\t\t<img loading=\"lazy\" decoding=\"async\" width=\"522\" height=\"522\" src=\"https:\/\/myownbrandman.shop\/wp-content\/uploads\/2026\/02\/0f27a16c8a274d71b31f13c930d346a9tplv-t5fjg24jzw-resize-webp_800_800-3.webp\" class=\"attachment-large size-large wp-image-14397 wvs-archive-product-image\" alt=\"\" srcset=\"https:\/\/myownbrandman.shop\/wp-content\/uploads\/2026\/02\/0f27a16c8a274d71b31f13c930d346a9tplv-t5fjg24jzw-resize-webp_800_800-3.webp 522w, https:\/\/myownbrandman.shop\/wp-content\/uploads\/2026\/02\/0f27a16c8a274d71b31f13c930d346a9tplv-t5fjg24jzw-resize-webp_800_800-3-300x300.webp 300w, https:\/\/myownbrandman.shop\/wp-content\/uploads\/2026\/02\/0f27a16c8a274d71b31f13c930d346a9tplv-t5fjg24jzw-resize-webp_800_800-3-150x150.webp 150w, https:\/\/myownbrandman.shop\/wp-content\/uploads\/2026\/02\/0f27a16c8a274d71b31f13c930d346a9tplv-t5fjg24jzw-resize-webp_800_800-3-12x12.webp 12w, https:\/\/myownbrandman.shop\/wp-content\/uploads\/2026\/02\/0f27a16c8a274d71b31f13c930d346a9tplv-t5fjg24jzw-resize-webp_800_800-3-100x100.webp 100w, https:\/\/myownbrandman.shop\/wp-content\/uploads\/2026\/02\/0f27a16c8a274d71b31f13c930d346a9tplv-t5fjg24jzw-resize-webp_800_800-3-50x50.webp 50w, https:\/\/myownbrandman.shop\/wp-content\/uploads\/2026\/02\/0f27a16c8a274d71b31f13c930d346a9tplv-t5fjg24jzw-resize-webp_800_800-3-1x1.webp 1w, https:\/\/myownbrandman.shop\/wp-content\/uploads\/2026\/02\/0f27a16c8a274d71b31f13c930d346a9tplv-t5fjg24jzw-resize-webp_800_800-3-10x10.webp 10w\" sizes=\"auto, (max-width: 522px) 100vw, 522px\" \/>\t\t\t\t\t\t\t\t\t\t\t\t\t\t\t<\/div>\n\t\t\t\t<\/div>\n\t\t\t\t<div class=\"elementor-element elementor-element-4720590c elementor-widget elementor-widget-image\" data-id=\"4720590c\" data-element_type=\"widget\" data-settings=\"{&quot;ekit_we_effect_on&quot;:&quot;none&quot;}\" data-widget_type=\"image.default\">\n\t\t\t\t<div class=\"elementor-widget-container\">\n\t\t\t\t\t\t\t\t\t\t\t\t\t\t\t<img loading=\"lazy\" decoding=\"async\" width=\"522\" height=\"522\" src=\"https:\/\/myownbrandman.shop\/wp-content\/uploads\/2026\/02\/67d38af038fa42b5bf560dde8aba9090tplv-t5fjg24jzw-resize-webp_800_800-3.webp\" class=\"attachment-large size-large wp-image-14398 wvs-archive-product-image\" alt=\"\" srcset=\"https:\/\/myownbrandman.shop\/wp-content\/uploads\/2026\/02\/67d38af038fa42b5bf560dde8aba9090tplv-t5fjg24jzw-resize-webp_800_800-3.webp 522w, https:\/\/myownbrandman.shop\/wp-content\/uploads\/2026\/02\/67d38af038fa42b5bf560dde8aba9090tplv-t5fjg24jzw-resize-webp_800_800-3-300x300.webp 300w, https:\/\/myownbrandman.shop\/wp-content\/uploads\/2026\/02\/67d38af038fa42b5bf560dde8aba9090tplv-t5fjg24jzw-resize-webp_800_800-3-150x150.webp 150w, https:\/\/myownbrandman.shop\/wp-content\/uploads\/2026\/02\/67d38af038fa42b5bf560dde8aba9090tplv-t5fjg24jzw-resize-webp_800_800-3-12x12.webp 12w, https:\/\/myownbrandman.shop\/wp-content\/uploads\/2026\/02\/67d38af038fa42b5bf560dde8aba9090tplv-t5fjg24jzw-resize-webp_800_800-3-100x100.webp 100w, https:\/\/myownbrandman.shop\/wp-content\/uploads\/2026\/02\/67d38af038fa42b5bf560dde8aba9090tplv-t5fjg24jzw-resize-webp_800_800-3-50x50.webp 50w, https:\/\/myownbrandman.shop\/wp-content\/uploads\/2026\/02\/67d38af038fa42b5bf560dde8aba9090tplv-t5fjg24jzw-resize-webp_800_800-3-1x1.webp 1w, https:\/\/myownbrandman.shop\/wp-content\/uploads\/2026\/02\/67d38af038fa42b5bf560dde8aba9090tplv-t5fjg24jzw-resize-webp_800_800-3-10x10.webp 10w\" sizes=\"auto, (max-width: 522px) 100vw, 522px\" \/>\t\t\t\t\t\t\t\t\t\t\t\t\t\t\t<\/div>\n\t\t\t\t<\/div>\n\t\t\t\t\t<\/div>\n\t\t\t\t<\/div>\n\t\t<div class=\"elementor-element elementor-element-5c2910db e-flex e-con-boxed e-con e-parent\" data-id=\"5c2910db\" data-element_type=\"container\" data-settings=\"{&quot;ekit_has_onepagescroll_dot&quot;:&quot;yes&quot;}\">\n\t\t\t\t\t<div class=\"e-con-inner\">\n\t\t\t\t<div class=\"elementor-element elementor-element-83e4d18 elementor-widget elementor-widget-text-editor\" data-id=\"83e4d18\" data-element_type=\"widget\" data-settings=\"{&quot;ekit_we_effect_on&quot;:&quot;none&quot;}\" data-widget_type=\"text-editor.default\">\n\t\t\t\t<div class=\"elementor-widget-container\">\n\t\t\t\t\t\t\t\t\t<div class=\"elementor-widget-container\">\nInformaci\u00f3n sobre el producto\n<div class=\"product-table\"><div class=\"product-row\"><div class=\"product-label\">Mejor Mercado<\/div><div class=\"product-value\">Tama\u00f1o XXL, Econ\u00f3mico, Embalaje Pr\u00e1ctico, Efecto Voluminoso, Uso Sencillo<\/div><\/div><div class=\"product-row\"><div class=\"product-label\"><strong>Farbe<\/strong><\/div><div class=\"product-value\"><strong>Typabh\u00e4ngig (Originalfarbe)<\/strong><\/div><\/div><div class=\"product-row\"><div class=\"product-label\"><strong>Marke<\/strong><\/div><div class=\"product-value\"><strong>Netto<\/strong><\/div><\/div><div class=\"product-row\"><div class=\"product-label\"><strong>Produktart<\/strong><\/div><div class=\"product-value\"><strong>XXL Probeverpackung<\/strong><\/div><\/div><div class=\"product-row\"><div class=\"product-label\"><strong>Artikelgewicht<\/strong><\/div><div class=\"product-value\"><strong>XXL-Gr\u00f6\u00dfe, ausreichend f\u00fcr Testphase<\/strong><\/div><\/div><div class=\"product-row\"><div class=\"product-label\"><strong>Componentes alcalinos<\/strong><\/div><div class=\"product-value\"><strong>1 x Netto XXL Probeverpackung (vollwertige Testmenge)<\/strong><\/div><\/div><div class=\"product-row\"><div class=\"product-label\"><strong>Hersteller<\/strong><\/div><div class=\"product-value\"><strong>Netto<\/strong><\/div><\/div><div class=\"product-row\"><div class=\"product-label\"><strong>ASIN<\/strong><\/div><div class=\"product-value\"><strong>B0D7F9X2SA<\/strong><\/div><\/div><div class=\"product-row\"><div class=\"product-label\"><strong>N\u00famero de modelo del producto<\/strong><\/div><div class=\"product-value\"><strong>NET-XXL-PB<\/strong><\/div><\/div><div class=\"product-row\"><div class=\"product-label\"><strong>Evaluaci\u00f3n de clientes a gran escala<\/strong><\/div><div class=\"product-value\"><strong>4,7 \u2605\u2605\u2605\u2605\u2606 (1256) 4,7 von 5 Sternen<\/strong><\/div><\/div><div class=\"product-row\"><div class=\"product-label\"><strong>Posicionamiento en los m\u00e1s vendidos de Amazon<\/strong><\/div><div class=\"product-value\"><strong>N\u00ba 3.892 en Drogerie &amp; K\u00f6rperpflege, N\u00ba 15 en Probeverpackungen<\/strong><\/div><\/div><div class=\"product-row\"><div class=\"product-label\"><strong>Producto disponible en amazon.com <\/strong><\/div><div class=\"product-value\"><strong>05. Agosto 2025<\/strong><\/div><\/div><\/div><style>.product-table {width: 100%;border-top: 1px solid #000;font-family: Arial, sans-serif;}.product-row {display: flex;border-bottom: 1px solid #000;padding: 12px 0;}.product-label {flex: 1;font-weight: bold;min-width: 200px;padding-right: 20px;}.product-value {flex: 1;min-width: 200px;}<\/style>\n\t\t\t\t\t\t\t\t<\/div>\n\t\t\t\t<\/div>\n\t\t\t\t\t<\/div>\n\t\t\t\t<\/div>\n\t\t\t\t<\/div>","protected":false},"excerpt":{"rendered":"<p>Produktinformationen Besondere MerkmaleXXL-Probegr\u00f6\u00dfe, Kosteng\u00fcnstig, Praktische Verpackung, Vollwertige Wirkung, Einfache AnwendungFarbeTypabh\u00e4ngig (Originalfarbe)MarkeNettoProduktartXXL ProbeverpackungArtikelgewichtXXL-Gr\u00f6\u00dfe, ausreichend f\u00fcr TestphaseEnthaltene Komponenten1 x Netto XXL Probeverpackung&#8230;<\/p>","protected":false},"featured_media":14127,"comment_status":"open","ping_status":"closed","template":"","meta":{"_acf_changed":false},"etheme_brands":[],"product_brand":[],"product_cat":[118],"product_tag":[],"class_list":{"0":"post-14075","1":"product","2":"type-product","3":"status-publish","4":"has-post-thumbnail","6":"product_cat-sale-shop","8":"first","9":"instock","10":"sale","11":"shipping-taxable","12":"purchasable","13":"product-type-simple"},"acf":[],"_links":{"self":[{"href":"https:\/\/myownbrandman.shop\/es\/wp-json\/wp\/v2\/product\/14075","targetHints":{"allow":["GET"]}}],"collection":[{"href":"https:\/\/myownbrandman.shop\/es\/wp-json\/wp\/v2\/product"}],"about":[{"href":"https:\/\/myownbrandman.shop\/es\/wp-json\/wp\/v2\/types\/product"}],"replies":[{"embeddable":true,"href":"https:\/\/myownbrandman.shop\/es\/wp-json\/wp\/v2\/comments?post=14075"}],"version-history":[{"count":4,"href":"https:\/\/myownbrandman.shop\/es\/wp-json\/wp\/v2\/product\/14075\/revisions"}],"predecessor-version":[{"id":14406,"href":"https:\/\/myownbrandman.shop\/es\/wp-json\/wp\/v2\/product\/14075\/revisions\/14406"}],"wp:featuredmedia":[{"embeddable":true,"href":"https:\/\/myownbrandman.shop\/es\/wp-json\/wp\/v2\/media\/14127"}],"wp:attachment":[{"href":"https:\/\/myownbrandman.shop\/es\/wp-json\/wp\/v2\/media?parent=14075"}],"wp:term":[{"taxonomy":"brand","embeddable":true,"href":"https:\/\/myownbrandman.shop\/es\/wp-json\/wp\/v2\/etheme_brands?post=14075"},{"taxonomy":"product_brand","embeddable":true,"href":"https:\/\/myownbrandman.shop\/es\/wp-json\/wp\/v2\/product_brand?post=14075"},{"taxonomy":"product_cat","embeddable":true,"href":"https:\/\/myownbrandman.shop\/es\/wp-json\/wp\/v2\/product_cat?post=14075"},{"taxonomy":"product_tag","embeddable":true,"href":"https:\/\/myownbrandman.shop\/es\/wp-json\/wp\/v2\/product_tag?post=14075"}],"curies":[{"name":"wp","href":"https:\/\/api.w.org\/{rel}","templated":true}]}}