{"id":14074,"date":"2026-01-28T12:39:11","date_gmt":"2026-01-28T12:39:11","guid":{"rendered":"https:\/\/myownbrandman.shop\/?post_type=product&#038;p=14074"},"modified":"2026-01-28T12:39:45","modified_gmt":"2026-01-28T12:39:45","slug":"toilet-paper-64-rolls-3-ply-cellulose-150-sheets-per-roll-white","status":"publish","type":"product","link":"https:\/\/myownbrandman.shop\/es\/producto\/toilet-paper-64-rolls-3-ply-cellulose-150-sheets-per-roll-white\/","title":{"rendered":"Papel higi\u00e9nico, 64 rollos, celulosa de 3 capas, 150 hojas por rollo, blanco"},"content":{"rendered":"<p><img loading=\"lazy\" decoding=\"async\" class=\"size-full wp-image-16146 aligncenter\" src=\"https:\/\/teal-lobster-750471.hostingersite.com\/wp-content\/uploads\/2026\/01\/Sce036107a3f54359b7719f8cfeb12b66B-1.webp\" alt=\"\" width=\"1000\" height=\"1000\" \/><img loading=\"lazy\" decoding=\"async\" class=\"alignnone size-full wp-image-16124 aligncenter\" src=\"https:\/\/teal-lobster-750471.hostingersite.com\/wp-content\/uploads\/2026\/01\/712orICCUoL._AC_SL1500_.jpg\" alt=\"\" width=\"1181\" height=\"1500\" \/><\/p>\n<p style=\"text-align: center;\"><img loading=\"lazy\" decoding=\"async\" class=\"alignnone size-full wp-image-16126\" src=\"https:\/\/teal-lobster-750471.hostingersite.com\/wp-content\/uploads\/2026\/01\/S0fc3210c1fe34c88a45dfc135e543a055.webp\" alt=\"\" width=\"1500\" height=\"1500\" \/><\/p>\n<p style=\"text-align: center;\"><img loading=\"lazy\" decoding=\"async\" class=\"alignnone size-full wp-image-16128\" src=\"https:\/\/teal-lobster-750471.hostingersite.com\/wp-content\/uploads\/2026\/01\/S12c875076f91436b81217f4e7c66e7bdI.webp\" alt=\"\" width=\"1500\" height=\"1500\" \/><\/p>\n<p style=\"text-align: center;\"><img loading=\"lazy\" decoding=\"async\" class=\"alignnone size-full wp-image-16130\" src=\"https:\/\/teal-lobster-750471.hostingersite.com\/wp-content\/uploads\/2026\/01\/S31e74f4c720f4ffca6074139068454a8F.webp\" alt=\"\" width=\"1500\" height=\"1500\" \/><\/p>\n<p style=\"text-align: center;\"><img loading=\"lazy\" decoding=\"async\" class=\"alignnone size-full wp-image-16133\" src=\"https:\/\/teal-lobster-750471.hostingersite.com\/wp-content\/uploads\/2026\/01\/S50aa9b6cb6be4f2a9e8deb1116b2b46ck.webp\" alt=\"\" width=\"1500\" height=\"1500\" \/><\/p>\n<p style=\"text-align: center;\">\n<p style=\"text-align: center;\"><img loading=\"lazy\" decoding=\"async\" class=\"alignnone size-full wp-image-16137\" src=\"https:\/\/teal-lobster-750471.hostingersite.com\/wp-content\/uploads\/2026\/01\/Sd8933c19feb54022a35cab6b5ead3a57L.webp\" alt=\"\" width=\"1500\" height=\"1500\" \/><\/p>\n<p style=\"text-align: center;\">\n<p><img loading=\"lazy\" decoding=\"async\" class=\"alignnone size-full wp-image-16139 aligncenter\" src=\"https:\/\/teal-lobster-750471.hostingersite.com\/wp-content\/uploads\/2026\/01\/81wqFJbt-eL._AC_SL1500_.jpg\" alt=\"\" width=\"1497\" height=\"1500\" \/><\/p>\n<div class=\"elementor-widget-container\">\nInformaci\u00f3n sobre el producto<\/p>\n<div class=\"product-table\">\n<div class=\"product-row\">\n<div class=\"product-label\">Mejor Mercado<\/div>\n<div class=\"product-value\">Alto rendimiento, gran resistencia a la abrasi\u00f3n, textura fina, uso sencillo, embalaje grande de 64 rollos<\/div>\n<\/div>\n<div class=\"product-row\">\n<div class=\"product-label\"><strong>Farbe<\/strong><\/div>\n<div class=\"product-value\"><strong>Wei\u00df<\/strong><\/div>\n<\/div>\n<div class=\"product-row\">\n<div class=\"product-label\"><strong>Marke<\/strong><\/div>\n<div class=\"product-value\"><strong>COSTWAY<\/strong><\/div>\n<\/div>\n<div class=\"product-row\">\n<div class=\"product-label\"><strong>Produktma\u00dfe<\/strong><\/div>\n<div class=\"product-value\"><strong>Standardgr\u00f6\u00dfe, Kompakte Rollenform<\/strong><\/div>\n<\/div>\n<div class=\"product-row\">\n<div class=\"product-label\"><strong>Artikelgewicht<\/strong><\/div>\n<div class=\"product-value\"><strong>Optimiertes Gewicht, Einfach zu transportieren und zu lagern<\/strong><\/div>\n<\/div>\n<div class=\"product-row\">\n<div class=\"product-label\"><strong>Componentes alcalinos<\/strong><\/div>\n<div class=\"product-value\"><strong>64 Rollen Toilettenpapier<\/strong><\/div>\n<\/div>\n<div class=\"product-row\">\n<div class=\"product-label\"><strong>Hersteller<\/strong><\/div>\n<div class=\"product-value\"><strong>COSTWAY<\/strong><\/div>\n<\/div>\n<div class=\"product-row\">\n<div class=\"product-label\"><strong>ASIN<\/strong><\/div>\n<div class=\"product-value\"><strong>BOF6NM24WN<\/strong><\/div>\n<\/div>\n<div class=\"product-row\">\n<div class=\"product-label\"><strong>N\u00famero de modelo del producto<\/strong><\/div>\n<div class=\"product-value\"><strong>10064-CY<\/strong><\/div>\n<\/div>\n<div class=\"product-row\">\n<div class=\"product-label\"><strong>Evaluaci\u00f3n de clientes a gran escala<\/strong><\/div>\n<div class=\"product-value\"><strong>4,3 \u2605\u2605\u2605\u2605\u2606 (312) 4,3 von 5 Sternen<\/strong><\/div>\n<\/div>\n<div class=\"product-row\">\n<div class=\"product-label\"><strong>Posicionamiento en los m\u00e1s vendidos de Amazon<\/strong><\/div>\n<div class=\"product-value\"><strong>Nr.14.087 in Haushaltswaren (Top 100 in Haushaltswaren anzeigen) Nr.4 in Toilettenpapier Gro\u00dfpackungen<\/strong><\/div>\n<\/div>\n<div class=\"product-row\">\n<div class=\"product-label\"><strong>Producto disponible en amazon.com<\/strong><\/div>\n<div class=\"product-value\"><strong>28. Abril 2025<\/strong><\/div>\n<\/div>\n<\/div>\n<style>\n.product-table {\nwidth: 100%;\nborder-top: 1px solid #000;\nfont-family: Arial, sans-serif;\n}\n.product-row {\ndisplay: flex;\nborder-bottom: 1px solid #000;\npadding: 12px 0;\n}\n.product-label {\nflex: 1;\nfont-weight: bold;\nmin-width: 200px;\npadding-right: 20px;\n}\n.product-value {\nflex: 1;\nmin-width: 200px;\n}\n<\/style>","protected":false},"excerpt":{"rendered":"<p>Produktinformationen Besondere Merkmale Hohe Saugkraft, Starkes Abriebverhalten, Weiche Textur, Langanhaltende Nutzung, 64 Rollen Gro\u00dfpackung Farbe Wei\u00df Marke COSTWAY Produktma\u00dfe Standardgr\u00f6\u00dfe,&#8230;<\/p>","protected":false},"featured_media":14118,"comment_status":"open","ping_status":"closed","template":"","meta":{"_acf_changed":false},"etheme_brands":[],"product_brand":[],"product_cat":[118],"product_tag":[],"class_list":{"0":"post-14074","1":"product","2":"type-product","3":"status-publish","4":"has-post-thumbnail","6":"product_cat-sale-shop","8":"first","9":"instock","10":"sale","11":"shipping-taxable","12":"purchasable","13":"product-type-simple"},"acf":[],"_links":{"self":[{"href":"https:\/\/myownbrandman.shop\/es\/wp-json\/wp\/v2\/product\/14074","targetHints":{"allow":["GET"]}}],"collection":[{"href":"https:\/\/myownbrandman.shop\/es\/wp-json\/wp\/v2\/product"}],"about":[{"href":"https:\/\/myownbrandman.shop\/es\/wp-json\/wp\/v2\/types\/product"}],"replies":[{"embeddable":true,"href":"https:\/\/myownbrandman.shop\/es\/wp-json\/wp\/v2\/comments?post=14074"}],"version-history":[{"count":1,"href":"https:\/\/myownbrandman.shop\/es\/wp-json\/wp\/v2\/product\/14074\/revisions"}],"predecessor-version":[{"id":14119,"href":"https:\/\/myownbrandman.shop\/es\/wp-json\/wp\/v2\/product\/14074\/revisions\/14119"}],"wp:featuredmedia":[{"embeddable":true,"href":"https:\/\/myownbrandman.shop\/es\/wp-json\/wp\/v2\/media\/14118"}],"wp:attachment":[{"href":"https:\/\/myownbrandman.shop\/es\/wp-json\/wp\/v2\/media?parent=14074"}],"wp:term":[{"taxonomy":"brand","embeddable":true,"href":"https:\/\/myownbrandman.shop\/es\/wp-json\/wp\/v2\/etheme_brands?post=14074"},{"taxonomy":"product_brand","embeddable":true,"href":"https:\/\/myownbrandman.shop\/es\/wp-json\/wp\/v2\/product_brand?post=14074"},{"taxonomy":"product_cat","embeddable":true,"href":"https:\/\/myownbrandman.shop\/es\/wp-json\/wp\/v2\/product_cat?post=14074"},{"taxonomy":"product_tag","embeddable":true,"href":"https:\/\/myownbrandman.shop\/es\/wp-json\/wp\/v2\/product_tag?post=14074"}],"curies":[{"name":"wp","href":"https:\/\/api.w.org\/{rel}","templated":true}]}}